{"id":8806,"date":"2023-01-25T13:55:37","date_gmt":"2023-01-25T18:55:37","guid":{"rendered":"https:\/\/facial-machine.com\/products\/appareil-de-brumisation-lift-coreen-bella-facial-machine-v1\/"},"modified":"2026-03-14T23:39:35","modified_gmt":"2026-03-15T03:39:35","slug":"appareil-brumisation-lift-coreen","status":"publish","type":"product","link":"https:\/\/facial-machine.com\/fr\/produits\/appareil-brumisation-lift-coreen\/","title":{"rendered":"Appareil de Brumisation Lift Cor\u00e9en &#8211; Bella Facial Machine V1"},"content":{"rendered":"<p>L&rsquo;<strong>appareil de brumisation lift Cor\u00e9en<\/strong> peut \u00eatre r\u00e9gl\u00e9 pour contr\u00f4ler la puissance du flux d&rsquo;oxyg\u00e8ne, garantissant ainsi un soin du visage adapt\u00e9 \u00e0 vos besoins. L&rsquo;oxyg\u00e9noth\u00e9rapie hyperbare est id\u00e9ale pour ceux qui cherchent \u00e0 am\u00e9liorer le teint, la texture et la clart\u00e9 de leur peau. Cette machine faciale innovante aidera \u00e0 r\u00e9duire l\u2019apparence des rides et ridules, tout en restaurant un teint jeune et \u00e9clatant. D\u00e9couvrez le pouvoir de soin de la peau du d\u00f4me \u00e0 oxyg\u00e8ne avec cette incroyable machine faciale professionnelle \u00e0 oxyg\u00e8ne.<\/p>\n<p><iframe loading=\"lazy\" title=\"YouTube video player\" src=\"https:\/\/www.youtube.com\/embed\/6gXDas3N5sY?si=aZPr_8sLv3prs4H7\" width=\"560\" height=\"315\" frameborder=\"0\" allowfullscreen=\"allowfullscreen\"><\/iframe><\/p>\n<h2 dir=\"auto\">Avantages d&rsquo;acheter notre machine de lifting Cor\u00e9en:<\/h2>\n<p><strong>\u2b50 Garantie de remplacement d&rsquo;un an\u00a0<\/strong>pour l&rsquo;appareil et les accessoires<\/p>\n<p><strong>\u2b50 Certificat et formation en ligne compl\u00e8te<\/strong>\u00a0inclus avec l&rsquo;achat<\/p>\n<p><strong>\u2b50 Service client sp\u00e9cialis\u00e9\u00a0<\/strong>disponible pour vous aider avant et apr\u00e8s l&rsquo;achat<\/p>\n<p><strong>\u2b50 Haute puissance\u00a0<\/strong>pour de meilleurs r\u00e9sultats<\/p>\n<p><strong>\u2b50 Exp\u00e9dition rapide\u00a0<\/strong>partout en France, Belgique et au Canada<\/p>\n<h2 dir=\"auto\">Accessoires inclus avec l&rsquo;appareil de <strong>brumisation lift Cor\u00e9en <\/strong>:<\/h2>\n<h3>D\u00f4me facial \u00e0 oxyg\u00e8ne<\/h3>\n<p><img loading=\"lazy\" decoding=\"async\" class=\"wp-image-4320 size-medium alignnone\" src=\"https:\/\/facial-machine.com\/wp-content\/uploads\/2023\/01\/02-300x300.jpg\" alt=\"oxygen facial dome\" width=\"300\" height=\"300\" srcset=\"https:\/\/facial-machine.com\/wp-content\/uploads\/2023\/01\/02-300x300.jpg 300w, https:\/\/facial-machine.com\/wp-content\/uploads\/2023\/01\/02-150x150.jpg 150w, https:\/\/facial-machine.com\/wp-content\/uploads\/2023\/01\/02-768x768.jpg 768w, https:\/\/facial-machine.com\/wp-content\/uploads\/2023\/01\/02-600x600.jpg 600w, https:\/\/facial-machine.com\/wp-content\/uploads\/2023\/01\/02-100x100.jpg 100w, https:\/\/facial-machine.com\/wp-content\/uploads\/2023\/01\/02.jpg 800w\" sizes=\"auto, (max-width: 300px) 100vw, 300px\" \/><\/p>\n<p>Le d\u00f4me facial \u00e0 oxyg\u00e8ne permettra \u00e0 un flux d&rsquo;oxyg\u00e8ne \u00e0 haute pression et \u00e0 un m\u00e9lange sp\u00e9cial de s\u00e9rums sp\u00e9cifiques de p\u00e9n\u00e9trer dans la peau. Cela permettra \u00e0 la peau d\u2019\u00eatre mieux hydrat\u00e9e et nourrie en nutriments. Le d\u00f4me permet \u00e0 la peau du visage d&rsquo;avoir un teint plus uniforme et \u00e9clatant. De nombreux autres bienfaits sont produits par le d\u00f4me comme la r\u00e9duction des rides et la revitalisation de la peau.<\/p>\n<h3>Pistolet \u00e0 air comprim\u00e9 pour brumisation faciale \u00e0 infusion d&rsquo;oxyg\u00e8ne<\/h3>\n<p><img loading=\"lazy\" decoding=\"async\" class=\"wp-image-4321 size-medium alignnone\" src=\"https:\/\/facial-machine.com\/wp-content\/uploads\/2023\/01\/03-300x300.jpg\" alt=\"Oxygen infusion facial spray gun\" width=\"300\" height=\"300\" srcset=\"https:\/\/facial-machine.com\/wp-content\/uploads\/2023\/01\/03-300x300.jpg 300w, https:\/\/facial-machine.com\/wp-content\/uploads\/2023\/01\/03-150x150.jpg 150w, https:\/\/facial-machine.com\/wp-content\/uploads\/2023\/01\/03-768x768.jpg 768w, https:\/\/facial-machine.com\/wp-content\/uploads\/2023\/01\/03-600x600.jpg 600w, https:\/\/facial-machine.com\/wp-content\/uploads\/2023\/01\/03-100x100.jpg 100w, https:\/\/facial-machine.com\/wp-content\/uploads\/2023\/01\/03.jpg 800w\" sizes=\"auto, (max-width: 300px) 100vw, 300px\" \/><\/p>\n<p>L&rsquo;a\u00e9rographe\u00a0en spray pour le visage \u00e0 infusion d&rsquo;oxyg\u00e8ne\u00a0permet d&rsquo;administrer les produits sur la peau d&rsquo;une mani\u00e8re diff\u00e9rente. Il \u00e9met un brouillard d&rsquo;oxyg\u00e8ne contenant un s\u00e9rum contenant plusieurs\u00a0ingr\u00e9dients biologiques sp\u00e9cifiques b\u00e9n\u00e9fiques pour la peau du visage. L\u2019air permettra une hydratation profonde de la peau. Il redonnera de l&rsquo;\u00e9clat \u00e0 la peau et aura un fort effet rajeunissant.<\/p>\n<h3>Sp\u00e9cifications du produit<\/h3>\n<table>\n<tbody>\n<tr>\n<td>Quantit\u00e9 d&rsquo;oxyg\u00e8ne g\u00e9n\u00e9r\u00e9e<\/td>\n<td><span style=\"font-weight: 400;\">2~5L\/min , 92%~<\/span><\/td>\n<\/tr>\n<tr>\n<td>Ions g\u00e9n\u00e9r\u00e9s<\/td>\n<td><span style=\"font-weight: 400;\">~300 millions<\/span><\/td>\n<\/tr>\n<tr>\n<td><span style=\"font-weight: 400;\">Certifications<\/span><\/td>\n<td><span style=\"font-weight: 400;\">CE certification, FDA certification<\/span><\/td>\n<\/tr>\n<tr>\n<td><span style=\"font-weight: 400;\">Volume<\/span><\/td>\n<td><span style=\"font-weight: 400;\">45db<\/span><\/td>\n<\/tr>\n<tr>\n<td><span style=\"font-weight: 400;\">Poids colis<\/span><\/td>\n<td><span style=\"font-weight: 400;\">35 lbs<\/span><\/td>\n<\/tr>\n<tr>\n<td>Longueurs d&rsquo;onde des LED<\/td>\n<td>\n<ol>\n<li style=\"font-weight: 400;\" aria-level=\"1\"><span style=\"font-weight: 400;\">Red: 640 nanometer<\/span><\/li>\n<li style=\"font-weight: 400;\" aria-level=\"1\"><span style=\"font-weight: 400;\">Blue: 470 nanometer<\/span><\/li>\n<li style=\"font-weight: 400;\" aria-level=\"1\"><span style=\"font-weight: 400;\">Yellow: 590 nanometer<\/span><\/li>\n<li style=\"font-weight: 400;\" aria-level=\"1\"><span style=\"font-weight: 400;\">Green: 490 nanometer<\/span><\/li>\n<\/ol>\n<\/td>\n<\/tr>\n<tr>\n<td><span style=\"font-weight: 400;\">Fr\u00e9quence<\/span><\/td>\n<td><span style=\"font-weight: 400;\">60 Hz<\/span><\/td>\n<\/tr>\n<tr>\n<td><span style=\"font-weight: 400;\">Voltage<\/span><\/td>\n<td><span style=\"font-weight: 400;\">120V or 220V<\/span><\/td>\n<\/tr>\n<tr>\n<td>Ampoules<\/td>\n<td><span style=\"font-weight: 400;\">359\u00a0<\/span><\/td>\n<\/tr>\n<tr>\n<td><span style=\"font-weight: 400;\">Poids machine<\/span><\/td>\n<td><span style=\"font-weight: 400;\">12 lbs<\/span><\/td>\n<\/tr>\n<tr>\n<td><span style=\"font-weight: 400;\">Dimension<\/span><\/td>\n<td><span style=\"font-weight: 400;\">Lo 17&Prime; x La 15&Prime; x Ha 11&Prime;<\/span><\/td>\n<\/tr>\n<\/tbody>\n<\/table>\n<p>&nbsp;<\/p>\n","protected":false},"excerpt":{"rendered":"<p>L&rsquo;<strong>appareil de brumisation lift Cor\u00e9en<\/strong> pulv\u00e9rise de l&rsquo;oxyg\u00e8ne sur le visage contenant des s\u00e9rums qui rajeunissent la peau.<\/p>\n<h2>Notre appareil de brumisation pour lifting Cor\u00e9en du visage<\/h2>\n<p>Que ce soit pour un usage domestique ou professionnel, notre appareil facial \u00e0 oxyg\u00e8ne est un appareil de beaut\u00e9 r\u00e9volutionnaire con\u00e7u pour offrir une exp\u00e9rience de soin du visage sup\u00e9rieure. Il est id\u00e9al pour les propri\u00e9taires de salons de beaut\u00e9 et de spas, les esth\u00e9ticiennes ou pour un usage domestique. Sa conception de pointe pousse l&rsquo;oxyg\u00e8ne pour nettoyer et hydrater la peau en profondeur, le tout dans une exp\u00e9rience relaxante semblable \u00e0 celle d&rsquo;un spa. L&rsquo;appareil facial \u00e0 oxyg\u00e8ne dot\u00e9 d&rsquo;un\u00a0d\u00f4me d&rsquo;infusion\u00a0fonctionne en lib\u00e9rant une douce brume d&rsquo;oxyg\u00e8ne qui p\u00e9n\u00e8tre dans la peau pour une hydratation et une nutrition intenses. La machine faciale professionnelle \u00e0 d\u00f4me d\u2019oxyg\u00e8ne est la nouvelle machine ch\u00e9rie des salons de beaut\u00e9.<\/p>\n<h3>Inclus avec l&rsquo;achat<\/h3>\n<h4>\u2705 Formation compl\u00e8te en ligne<\/h4>\n<p>La formation explique chaque \u00e9tape pour r\u00e9aliser le traitement du d\u00f4me facial, comment utiliser le pistolet pulv\u00e9risateur, quels s\u00e9rums utiliser, les conseils de s\u00e9curit\u00e9, les boutons et modes de la machine, les accessoires, etc.<br \/>\n* Notre entra\u00eenement facial \u00e0 l&rsquo;oxyg\u00e8ne est le plus avanc\u00e9 du march\u00e9.<\/p>\n<h4>\u2705 Attestation de formation<\/h4>\n<p>Vous permettant d&rsquo;informer vos futurs clients que vous avez \u00e9t\u00e9 form\u00e9 par une entreprise reconnue.<\/p>\n<h4>\u2705<strong> Livraison gratuite et rapide<\/strong><\/h4>\n<p>en France, Belgique et Canada<\/p>\n<h4>\u2705 Tous les accessoires sont inclus<\/h4>\n<p>D\u00f4me facial, pistolet pulv\u00e9risateur, tubes, c\u00e2ble et filtres.<\/p>\n<h4>\u2705<strong> 1 an de garantie<\/strong><\/h4>\n<p>Contactez notre\u00a0<a href=\"https:\/\/facial-machine.com\/fr\/contact\/\">service client<\/a>\u00a0pour obtenir de l&rsquo;aide.<\/p>\n","protected":false},"featured_media":6194,"comment_status":"open","ping_status":"closed","template":"","meta":{"site-sidebar-layout":"default","site-content-layout":"default","ast-site-content-layout":"default","site-content-style":"default","site-sidebar-style":"default","ast-global-header-display":"","ast-banner-title-visibility":"","ast-main-header-display":"","ast-hfb-above-header-display":"","ast-hfb-below-header-display":"","ast-hfb-mobile-header-display":"","site-post-title":"","ast-breadcrumbs-content":"","ast-featured-img":"","footer-sml-layout":"","theme-transparent-header-meta":"default","adv-header-id-meta":"","stick-header-meta":"default","header-above-stick-meta":"","header-main-stick-meta":"","header-below-stick-meta":"","astra-migrate-meta-layouts":"set","ast-page-background-enabled":"default","ast-page-background-meta":{"desktop":{"background-color":"","background-image":"","background-repeat":"repeat","background-position":"center center","background-size":"auto","background-attachment":"scroll","background-type":"","background-media":"","overlay-type":"","overlay-color":"","overlay-opacity":"","overlay-gradient":""},"tablet":{"background-color":"","background-image":"","background-repeat":"repeat","background-position":"center center","background-size":"auto","background-attachment":"scroll","background-type":"","background-media":"","overlay-type":"","overlay-color":"","overlay-opacity":"","overlay-gradient":""},"mobile":{"background-color":"","background-image":"","background-repeat":"repeat","background-position":"center center","background-size":"auto","background-attachment":"scroll","background-type":"","background-media":"","overlay-type":"","overlay-color":"","overlay-opacity":"","overlay-gradient":""}},"ast-content-background-meta":{"desktop":{"background-color":"var(--ast-global-color-5)","background-image":"","background-repeat":"repeat","background-position":"center center","background-size":"auto","background-attachment":"scroll","background-type":"","background-media":"","overlay-type":"","overlay-color":"","overlay-opacity":"","overlay-gradient":""},"tablet":{"background-color":"var(--ast-global-color-5)","background-image":"","background-repeat":"repeat","background-position":"center center","background-size":"auto","background-attachment":"scroll","background-type":"","background-media":"","overlay-type":"","overlay-color":"","overlay-opacity":"","overlay-gradient":""},"mobile":{"background-color":"var(--ast-global-color-5)","background-image":"","background-repeat":"repeat","background-position":"center center","background-size":"auto","background-attachment":"scroll","background-type":"","background-media":"","overlay-type":"","overlay-color":"","overlay-opacity":"","overlay-gradient":""}}},"product_brand":[],"product_cat":[52],"product_tag":[],"class_list":{"0":"post-8806","1":"product","2":"type-product","3":"status-publish","4":"has-post-thumbnail","6":"product_cat-appareil-a-oxygene","7":"desktop-align-left","8":"tablet-align-left","9":"mobile-align-left","10":"ast-product-gallery-layout-horizontal","11":"ast-product-tabs-layout-horizontal","12":"ast-qv-on-image","14":"first","15":"instock","16":"featured","17":"shipping-taxable","18":"purchasable","19":"product-type-simple"},"yoast_head":"<!-- This site is optimized with the Yoast SEO plugin v26.2 - https:\/\/yoast.com\/wordpress\/plugins\/seo\/ -->\n<title>Appareil de Brumisation Lift Cor\u00e9en - Bella Facial Machine V1<\/title>\n<meta name=\"description\" content=\"Notre appareil de brumisation pour lifting Cor\u00e9en avec d\u00f4me d&#039;infusion est un appareil de beaut\u00e9 r\u00e9volutionnaire con\u00e7u pour offrir une exp\u00e9rience de soins du visage sup\u00e9rieure.\" \/>\n<meta name=\"robots\" content=\"index, follow, max-snippet:-1, max-image-preview:large, max-video-preview:-1\" \/>\n<link rel=\"canonical\" href=\"https:\/\/facial-machine.com\/fr\/produits\/appareil-brumisation-lift-coreen\/\" \/>\n<meta property=\"og:locale\" content=\"fr_FR\" \/>\n<meta property=\"og:type\" content=\"article\" \/>\n<meta property=\"og:title\" content=\"Appareil de Brumisation Lift Cor\u00e9en - Bella Facial Machine V1\" \/>\n<meta property=\"og:description\" content=\"Notre appareil de brumisation pour lifting Cor\u00e9en avec d\u00f4me d&#039;infusion est un appareil de beaut\u00e9 r\u00e9volutionnaire con\u00e7u pour offrir une exp\u00e9rience de soins du visage sup\u00e9rieure.\" \/>\n<meta property=\"og:url\" content=\"https:\/\/facial-machine.com\/fr\/produits\/appareil-brumisation-lift-coreen\/\" \/>\n<meta property=\"og:site_name\" content=\"facial-machine.com\" \/>\n<meta property=\"article:modified_time\" content=\"2026-03-15T03:39:35+00:00\" \/>\n<meta property=\"og:image\" content=\"https:\/\/facial-machine.com\/wp-content\/uploads\/2023\/01\/06.jpg\" \/>\n\t<meta property=\"og:image:width\" content=\"800\" \/>\n\t<meta property=\"og:image:height\" content=\"800\" \/>\n\t<meta property=\"og:image:type\" content=\"image\/jpeg\" \/>\n<meta name=\"twitter:card\" content=\"summary_large_image\" \/>\n<meta name=\"twitter:label1\" content=\"Dur\u00e9e de lecture estim\u00e9e\" \/>\n\t<meta name=\"twitter:data1\" content=\"3 minutes\" \/>\n<script type=\"application\/ld+json\" class=\"yoast-schema-graph\">{\"@context\":\"https:\/\/schema.org\",\"@graph\":[{\"@type\":\"WebPage\",\"@id\":\"https:\/\/facial-machine.com\/fr\/produits\/appareil-brumisation-lift-coreen\/\",\"url\":\"https:\/\/facial-machine.com\/fr\/produits\/appareil-brumisation-lift-coreen\/\",\"name\":\"Appareil de Brumisation Lift Cor\u00e9en - Bella Facial Machine V1\",\"isPartOf\":{\"@id\":\"https:\/\/facial-machine.com\/#website\"},\"primaryImageOfPage\":{\"@id\":\"https:\/\/facial-machine.com\/fr\/produits\/appareil-brumisation-lift-coreen\/#primaryimage\"},\"image\":{\"@id\":\"https:\/\/facial-machine.com\/fr\/produits\/appareil-brumisation-lift-coreen\/#primaryimage\"},\"thumbnailUrl\":\"https:\/\/facial-machine.com\/wp-content\/uploads\/2023\/01\/06.jpg\",\"datePublished\":\"2023-01-25T18:55:37+00:00\",\"dateModified\":\"2026-03-15T03:39:35+00:00\",\"description\":\"Notre appareil de brumisation pour lifting Cor\u00e9en avec d\u00f4me d'infusion est un appareil de beaut\u00e9 r\u00e9volutionnaire con\u00e7u pour offrir une exp\u00e9rience de soins du visage sup\u00e9rieure.\",\"breadcrumb\":{\"@id\":\"https:\/\/facial-machine.com\/fr\/produits\/appareil-brumisation-lift-coreen\/#breadcrumb\"},\"inLanguage\":\"fr-FR\",\"potentialAction\":[{\"@type\":\"ReadAction\",\"target\":[\"https:\/\/facial-machine.com\/fr\/produits\/appareil-brumisation-lift-coreen\/\"]}]},{\"@type\":\"ImageObject\",\"inLanguage\":\"fr-FR\",\"@id\":\"https:\/\/facial-machine.com\/fr\/produits\/appareil-brumisation-lift-coreen\/#primaryimage\",\"url\":\"https:\/\/facial-machine.com\/wp-content\/uploads\/2023\/01\/06.jpg\",\"contentUrl\":\"https:\/\/facial-machine.com\/wp-content\/uploads\/2023\/01\/06.jpg\",\"width\":800,\"height\":800,\"caption\":\"appareil de brumisation lift Cor\u00e9en\"},{\"@type\":\"BreadcrumbList\",\"@id\":\"https:\/\/facial-machine.com\/fr\/produits\/appareil-brumisation-lift-coreen\/#breadcrumb\",\"itemListElement\":[{\"@type\":\"ListItem\",\"position\":1,\"name\":\"Home\",\"item\":\"https:\/\/facial-machine.com\/fr\/\"},{\"@type\":\"ListItem\",\"position\":2,\"name\":\"Nos produits\",\"item\":\"https:\/\/facial-machine.com\/fr\/?page_id=6198\"},{\"@type\":\"ListItem\",\"position\":3,\"name\":\"Appareil de Brumisation Lift Cor\u00e9en &#8211; Bella Facial Machine V1\"}]},{\"@type\":\"WebSite\",\"@id\":\"https:\/\/facial-machine.com\/#website\",\"url\":\"https:\/\/facial-machine.com\/\",\"name\":\"facial-machine.com\",\"description\":\"Just another WordPress site\",\"publisher\":{\"@id\":\"https:\/\/facial-machine.com\/#organization\"},\"potentialAction\":[{\"@type\":\"SearchAction\",\"target\":{\"@type\":\"EntryPoint\",\"urlTemplate\":\"https:\/\/facial-machine.com\/?s={search_term_string}\"},\"query-input\":{\"@type\":\"PropertyValueSpecification\",\"valueRequired\":true,\"valueName\":\"search_term_string\"}}],\"inLanguage\":\"fr-FR\"},{\"@type\":\"Organization\",\"@id\":\"https:\/\/facial-machine.com\/#organization\",\"name\":\"Bella Facial\",\"url\":\"https:\/\/facial-machine.com\/\",\"logo\":{\"@type\":\"ImageObject\",\"inLanguage\":\"fr-FR\",\"@id\":\"https:\/\/facial-machine.com\/#\/schema\/logo\/image\/\",\"url\":\"https:\/\/facial-machine.com\/wp-content\/uploads\/2023\/01\/cropped-logo_bellafacial_original-carre-scaled-1.jpg\",\"contentUrl\":\"https:\/\/facial-machine.com\/wp-content\/uploads\/2023\/01\/cropped-logo_bellafacial_original-carre-scaled-1.jpg\",\"width\":\"2560\",\"height\":\"2560\",\"caption\":\"Bella Facial\"},\"image\":{\"@id\":\"https:\/\/facial-machine.com\/#\/schema\/logo\/image\/\"}}]}<\/script>\n<!-- \/ Yoast SEO plugin. -->","yoast_head_json":{"title":"Appareil de Brumisation Lift Cor\u00e9en - Bella Facial Machine V1","description":"Notre appareil de brumisation pour lifting Cor\u00e9en avec d\u00f4me d'infusion est un appareil de beaut\u00e9 r\u00e9volutionnaire con\u00e7u pour offrir une exp\u00e9rience de soins du visage sup\u00e9rieure.","robots":{"index":"index","follow":"follow","max-snippet":"max-snippet:-1","max-image-preview":"max-image-preview:large","max-video-preview":"max-video-preview:-1"},"canonical":"https:\/\/facial-machine.com\/fr\/produits\/appareil-brumisation-lift-coreen\/","og_locale":"fr_FR","og_type":"article","og_title":"Appareil de Brumisation Lift Cor\u00e9en - Bella Facial Machine V1","og_description":"Notre appareil de brumisation pour lifting Cor\u00e9en avec d\u00f4me d'infusion est un appareil de beaut\u00e9 r\u00e9volutionnaire con\u00e7u pour offrir une exp\u00e9rience de soins du visage sup\u00e9rieure.","og_url":"https:\/\/facial-machine.com\/fr\/produits\/appareil-brumisation-lift-coreen\/","og_site_name":"facial-machine.com","article_modified_time":"2026-03-15T03:39:35+00:00","og_image":[{"width":800,"height":800,"url":"https:\/\/facial-machine.com\/wp-content\/uploads\/2023\/01\/06.jpg","type":"image\/jpeg"}],"twitter_card":"summary_large_image","twitter_misc":{"Dur\u00e9e de lecture estim\u00e9e":"3 minutes"},"schema":{"@context":"https:\/\/schema.org","@graph":[{"@type":"WebPage","@id":"https:\/\/facial-machine.com\/fr\/produits\/appareil-brumisation-lift-coreen\/","url":"https:\/\/facial-machine.com\/fr\/produits\/appareil-brumisation-lift-coreen\/","name":"Appareil de Brumisation Lift Cor\u00e9en - Bella Facial Machine V1","isPartOf":{"@id":"https:\/\/facial-machine.com\/#website"},"primaryImageOfPage":{"@id":"https:\/\/facial-machine.com\/fr\/produits\/appareil-brumisation-lift-coreen\/#primaryimage"},"image":{"@id":"https:\/\/facial-machine.com\/fr\/produits\/appareil-brumisation-lift-coreen\/#primaryimage"},"thumbnailUrl":"https:\/\/facial-machine.com\/wp-content\/uploads\/2023\/01\/06.jpg","datePublished":"2023-01-25T18:55:37+00:00","dateModified":"2026-03-15T03:39:35+00:00","description":"Notre appareil de brumisation pour lifting Cor\u00e9en avec d\u00f4me d'infusion est un appareil de beaut\u00e9 r\u00e9volutionnaire con\u00e7u pour offrir une exp\u00e9rience de soins du visage sup\u00e9rieure.","breadcrumb":{"@id":"https:\/\/facial-machine.com\/fr\/produits\/appareil-brumisation-lift-coreen\/#breadcrumb"},"inLanguage":"fr-FR","potentialAction":[{"@type":"ReadAction","target":["https:\/\/facial-machine.com\/fr\/produits\/appareil-brumisation-lift-coreen\/"]}]},{"@type":"ImageObject","inLanguage":"fr-FR","@id":"https:\/\/facial-machine.com\/fr\/produits\/appareil-brumisation-lift-coreen\/#primaryimage","url":"https:\/\/facial-machine.com\/wp-content\/uploads\/2023\/01\/06.jpg","contentUrl":"https:\/\/facial-machine.com\/wp-content\/uploads\/2023\/01\/06.jpg","width":800,"height":800,"caption":"appareil de brumisation lift Cor\u00e9en"},{"@type":"BreadcrumbList","@id":"https:\/\/facial-machine.com\/fr\/produits\/appareil-brumisation-lift-coreen\/#breadcrumb","itemListElement":[{"@type":"ListItem","position":1,"name":"Home","item":"https:\/\/facial-machine.com\/fr\/"},{"@type":"ListItem","position":2,"name":"Nos produits","item":"https:\/\/facial-machine.com\/fr\/?page_id=6198"},{"@type":"ListItem","position":3,"name":"Appareil de Brumisation Lift Cor\u00e9en &#8211; Bella Facial Machine V1"}]},{"@type":"WebSite","@id":"https:\/\/facial-machine.com\/#website","url":"https:\/\/facial-machine.com\/","name":"facial-machine.com","description":"Just another WordPress site","publisher":{"@id":"https:\/\/facial-machine.com\/#organization"},"potentialAction":[{"@type":"SearchAction","target":{"@type":"EntryPoint","urlTemplate":"https:\/\/facial-machine.com\/?s={search_term_string}"},"query-input":{"@type":"PropertyValueSpecification","valueRequired":true,"valueName":"search_term_string"}}],"inLanguage":"fr-FR"},{"@type":"Organization","@id":"https:\/\/facial-machine.com\/#organization","name":"Bella Facial","url":"https:\/\/facial-machine.com\/","logo":{"@type":"ImageObject","inLanguage":"fr-FR","@id":"https:\/\/facial-machine.com\/#\/schema\/logo\/image\/","url":"https:\/\/facial-machine.com\/wp-content\/uploads\/2023\/01\/cropped-logo_bellafacial_original-carre-scaled-1.jpg","contentUrl":"https:\/\/facial-machine.com\/wp-content\/uploads\/2023\/01\/cropped-logo_bellafacial_original-carre-scaled-1.jpg","width":"2560","height":"2560","caption":"Bella Facial"},"image":{"@id":"https:\/\/facial-machine.com\/#\/schema\/logo\/image\/"}}]}},"jetpack_sharing_enabled":true,"_links":{"self":[{"href":"https:\/\/facial-machine.com\/fr\/wp-json\/wp\/v2\/product\/8806","targetHints":{"allow":["GET"]}}],"collection":[{"href":"https:\/\/facial-machine.com\/fr\/wp-json\/wp\/v2\/product"}],"about":[{"href":"https:\/\/facial-machine.com\/fr\/wp-json\/wp\/v2\/types\/product"}],"replies":[{"embeddable":true,"href":"https:\/\/facial-machine.com\/fr\/wp-json\/wp\/v2\/comments?post=8806"}],"wp:featuredmedia":[{"embeddable":true,"href":"https:\/\/facial-machine.com\/fr\/wp-json\/wp\/v2\/media\/6194"}],"wp:attachment":[{"href":"https:\/\/facial-machine.com\/fr\/wp-json\/wp\/v2\/media?parent=8806"}],"wp:term":[{"taxonomy":"product_brand","embeddable":true,"href":"https:\/\/facial-machine.com\/fr\/wp-json\/wp\/v2\/product_brand?post=8806"},{"taxonomy":"product_cat","embeddable":true,"href":"https:\/\/facial-machine.com\/fr\/wp-json\/wp\/v2\/product_cat?post=8806"},{"taxonomy":"product_tag","embeddable":true,"href":"https:\/\/facial-machine.com\/fr\/wp-json\/wp\/v2\/product_tag?post=8806"}],"curies":[{"name":"wp","href":"https:\/\/api.w.org\/{rel}","templated":true}]}}