{"id":8097,"date":"2023-07-06T16:43:34","date_gmt":"2023-07-06T20:43:34","guid":{"rendered":"https:\/\/facial-machine.com\/products\/serums-revitalisants-soin-visage-oxygene\/"},"modified":"2025-07-15T03:08:33","modified_gmt":"2025-07-15T07:08:33","slug":"serums-revitalisants-soin-visage-oxygene","status":"publish","type":"product","link":"https:\/\/facial-machine.com\/fr\/produits\/serums-revitalisants-soin-visage-oxygene\/","title":{"rendered":"S\u00e9rums Revitalisants (10 x 30ml) pour Soin Visage Oxyg\u00e8ne"},"content":{"rendered":"<p>D\u00e9couvrez notre Ampoule Revitalisante \u00e0 l&rsquo;Oxyg\u00e8ne, la solution ultime pour une exp\u00e9rience de soin r\u00e9g\u00e9n\u00e9rant et revigorant ! Con\u00e7ue sp\u00e9cifiquement pour une utilisation avec une machine de pulv\u00e9risation faciale \u00e0 l&rsquo;oxyg\u00e8ne, cette ampoule remarquable d\u00e9livre une dose puissante d&rsquo;oxyg\u00e8ne \u00e0 votre peau, r\u00e9v\u00e9lant un teint frais et rayonnant.<\/p>\n<p>Formul\u00e9e avec un m\u00e9lange unique d&rsquo;ingr\u00e9dients revitalisants, notre Ampoule Revitalisante \u00e0 l&rsquo;Oxyg\u00e8ne aide \u00e0 reconstituer et revitaliser la peau fatigu\u00e9e. L&rsquo;infusion d&rsquo;oxyg\u00e8ne favorise une circulation am\u00e9lior\u00e9e, permettant aux nutriments de p\u00e9n\u00e9trer en profondeur dans la peau, tout en aidant \u00e0 \u00e9liminer les impuret\u00e9s et les toxines.<\/p>\n<p><img loading=\"lazy\" decoding=\"async\" class=\"alignnone size-medium wp-image-8095\" src=\"https:\/\/facial-machine.com\/wp-content\/uploads\/2023\/07\/serum-spray-1-300x300.png\" alt=\"serum for facial spray treatment\" width=\"300\" height=\"300\" srcset=\"https:\/\/facial-machine.com\/wp-content\/uploads\/2023\/07\/serum-spray-1-300x300.png 300w, https:\/\/facial-machine.com\/wp-content\/uploads\/2023\/07\/serum-spray-1-1024x1024.png 1024w, https:\/\/facial-machine.com\/wp-content\/uploads\/2023\/07\/serum-spray-1-150x150.png 150w, https:\/\/facial-machine.com\/wp-content\/uploads\/2023\/07\/serum-spray-1-768x768.png 768w, https:\/\/facial-machine.com\/wp-content\/uploads\/2023\/07\/serum-spray-1-1536x1536.png 1536w, https:\/\/facial-machine.com\/wp-content\/uploads\/2023\/07\/serum-spray-1-2048x2048.png 2048w, https:\/\/facial-machine.com\/wp-content\/uploads\/2023\/07\/serum-spray-1-1320x1320.png 1320w, https:\/\/facial-machine.com\/wp-content\/uploads\/2023\/07\/serum-spray-1-600x600.png 600w, https:\/\/facial-machine.com\/wp-content\/uploads\/2023\/07\/serum-spray-1-100x100.png 100w\" sizes=\"auto, (max-width: 300px) 100vw, 300px\" \/><\/p>\n<div><strong>Ingr\u00e9dients naturels:<\/strong><br \/>\n&#8211; Extrait de feuille d&rsquo;Aloe vera (pour rendre votre peau claire et brillante)<br \/>\n&#8211; des extraits de plantes comme les extraits de pin sylvestre, les extraits de Gotu kola et les extraits de fleur d&rsquo;arnica (pour garder la peau hydrat\u00e9e et douce)<\/div>\n<div><\/div>\n<div>\n<h3>Doit \u00eatre utilis\u00e9 avec la poign\u00e9e spraygun de la <a href=\"https:\/\/facial-machine.com\/fr\/produits\/machine-hydrodermabrasion\/\">machine hydrodermabrasion<\/a>.<\/h3>\n<h3>\u00a0<img loading=\"lazy\" decoding=\"async\" class=\"alignnone wp-image-6513\" src=\"https:\/\/facial-machine.com\/wp-content\/uploads\/2022\/12\/sonde-jet-oxygen.png\" alt=\"\" width=\"313\" height=\"223\" \/><\/h3>\n<\/div>\n","protected":false},"excerpt":{"rendered":"<p>Voici notre ampoule revitalisante \u00e0 l&rsquo;oxyg\u00e8ne, la solution ultime pour une exp\u00e9rience de soin rajeunissante et revigorante\u00a0! Con\u00e7ue sp\u00e9cifiquement pour \u00eatre utilis\u00e9e avec un vaporisateur d&rsquo;oxyg\u00e8ne pour le visage, cette ampoule remarquable d\u00e9livre une puissante dose d&rsquo;oxyg\u00e8ne \u00e0 votre peau, d\u00e9voilant un teint frais et \u00e9clatant.<\/p>\n<p><strong>\u2705 Le kit permet de faire plus de 30 sessions<\/strong><\/p>\n<p><strong>\u2705 10 ampoules de 30 ml<\/strong><\/p>\n<p><strong>\u2705\u00a0Livraison GRATUITE et RAPIDE partout<\/strong><\/p>\n","protected":false},"featured_media":8096,"comment_status":"open","ping_status":"closed","template":"","meta":{"site-sidebar-layout":"default","site-content-layout":"default","ast-site-content-layout":"default","site-content-style":"default","site-sidebar-style":"default","ast-global-header-display":"","ast-banner-title-visibility":"","ast-main-header-display":"","ast-hfb-above-header-display":"","ast-hfb-below-header-display":"","ast-hfb-mobile-header-display":"","site-post-title":"","ast-breadcrumbs-content":"","ast-featured-img":"","footer-sml-layout":"","theme-transparent-header-meta":"default","adv-header-id-meta":"","stick-header-meta":"default","header-above-stick-meta":"","header-main-stick-meta":"","header-below-stick-meta":"","astra-migrate-meta-layouts":"set","ast-page-background-enabled":"default","ast-page-background-meta":{"desktop":{"background-color":"","background-image":"","background-repeat":"repeat","background-position":"center center","background-size":"auto","background-attachment":"scroll","background-type":"","background-media":"","overlay-type":"","overlay-color":"","overlay-opacity":"","overlay-gradient":""},"tablet":{"background-color":"","background-image":"","background-repeat":"repeat","background-position":"center center","background-size":"auto","background-attachment":"scroll","background-type":"","background-media":"","overlay-type":"","overlay-color":"","overlay-opacity":"","overlay-gradient":""},"mobile":{"background-color":"","background-image":"","background-repeat":"repeat","background-position":"center center","background-size":"auto","background-attachment":"scroll","background-type":"","background-media":"","overlay-type":"","overlay-color":"","overlay-opacity":"","overlay-gradient":""}},"ast-content-background-meta":{"desktop":{"background-color":"var(--ast-global-color-5)","background-image":"","background-repeat":"repeat","background-position":"center center","background-size":"auto","background-attachment":"scroll","background-type":"","background-media":"","overlay-type":"","overlay-color":"","overlay-opacity":"","overlay-gradient":""},"tablet":{"background-color":"var(--ast-global-color-5)","background-image":"","background-repeat":"repeat","background-position":"center center","background-size":"auto","background-attachment":"scroll","background-type":"","background-media":"","overlay-type":"","overlay-color":"","overlay-opacity":"","overlay-gradient":""},"mobile":{"background-color":"var(--ast-global-color-5)","background-image":"","background-repeat":"repeat","background-position":"center center","background-size":"auto","background-attachment":"scroll","background-type":"","background-media":"","overlay-type":"","overlay-color":"","overlay-opacity":"","overlay-gradient":""}}},"product_brand":[],"product_cat":[50],"product_tag":[],"class_list":{"0":"post-8097","1":"product","2":"type-product","3":"status-publish","4":"has-post-thumbnail","6":"product_cat-serums-fr","7":"desktop-align-left","8":"tablet-align-left","9":"mobile-align-left","10":"ast-product-gallery-layout-horizontal","11":"ast-product-gallery-with-no-image","12":"ast-product-tabs-layout-horizontal","13":"ast-qv-on-image","15":"first","16":"instock","17":"featured","18":"shipping-taxable","19":"purchasable","20":"product-type-simple"},"yoast_head":"<!-- This site is optimized with the Yoast SEO plugin v26.2 - https:\/\/yoast.com\/wordpress\/plugins\/seo\/ -->\n<title>S\u00e9rums Revitalisants (10 x 30ml) pour Soin Visage Oxyg\u00e8ne | facial-machine.com<\/title>\n<meta name=\"robots\" content=\"index, follow, max-snippet:-1, max-image-preview:large, max-video-preview:-1\" \/>\n<link rel=\"canonical\" href=\"https:\/\/facial-machine.com\/fr\/produits\/serums-revitalisants-soin-visage-oxygene\/\" \/>\n<meta property=\"og:locale\" content=\"fr_FR\" \/>\n<meta property=\"og:type\" content=\"article\" \/>\n<meta property=\"og:title\" content=\"S\u00e9rums Revitalisants (10 x 30ml) pour Soin Visage Oxyg\u00e8ne | facial-machine.com\" \/>\n<meta property=\"og:description\" content=\"Voici notre ampoule revitalisante \u00e0 l&#039;oxyg\u00e8ne, la solution ultime pour une exp\u00e9rience de soin rajeunissante et revigorante\u00a0! Con\u00e7ue sp\u00e9cifiquement pour \u00eatre utilis\u00e9e avec un vaporisateur d&#039;oxyg\u00e8ne pour le visage, cette ampoule remarquable d\u00e9livre une puissante dose d&#039;oxyg\u00e8ne \u00e0 votre peau, d\u00e9voilant un teint frais et \u00e9clatant.  \u2705 Le kit permet de faire plus de 30 sessions  \u2705 10 ampoules de 30 ml  \u2705\u00a0Livraison GRATUITE et RAPIDE partout\" \/>\n<meta property=\"og:url\" content=\"https:\/\/facial-machine.com\/fr\/produits\/serums-revitalisants-soin-visage-oxygene\/\" \/>\n<meta property=\"og:site_name\" content=\"facial-machine.com\" \/>\n<meta property=\"article:modified_time\" content=\"2025-07-15T07:08:33+00:00\" \/>\n<meta property=\"og:image\" content=\"https:\/\/facial-machine.com\/wp-content\/uploads\/2023\/07\/serum-spray-1-1024x1024.png\" \/>\n\t<meta property=\"og:image:width\" content=\"1024\" \/>\n\t<meta property=\"og:image:height\" content=\"1024\" \/>\n\t<meta property=\"og:image:type\" content=\"image\/png\" \/>\n<meta name=\"twitter:card\" content=\"summary_large_image\" \/>\n<meta name=\"twitter:label1\" content=\"Dur\u00e9e de lecture estim\u00e9e\" \/>\n\t<meta name=\"twitter:data1\" content=\"2 minutes\" \/>\n<script type=\"application\/ld+json\" class=\"yoast-schema-graph\">{\"@context\":\"https:\/\/schema.org\",\"@graph\":[{\"@type\":\"WebPage\",\"@id\":\"https:\/\/facial-machine.com\/fr\/produits\/serums-revitalisants-soin-visage-oxygene\/\",\"url\":\"https:\/\/facial-machine.com\/fr\/produits\/serums-revitalisants-soin-visage-oxygene\/\",\"name\":\"S\u00e9rums Revitalisants (10 x 30ml) pour Soin Visage Oxyg\u00e8ne | facial-machine.com\",\"isPartOf\":{\"@id\":\"https:\/\/facial-machine.com\/#website\"},\"primaryImageOfPage\":{\"@id\":\"https:\/\/facial-machine.com\/fr\/produits\/serums-revitalisants-soin-visage-oxygene\/#primaryimage\"},\"image\":{\"@id\":\"https:\/\/facial-machine.com\/fr\/produits\/serums-revitalisants-soin-visage-oxygene\/#primaryimage\"},\"thumbnailUrl\":\"https:\/\/facial-machine.com\/wp-content\/uploads\/2023\/07\/serum-spray-1.png\",\"datePublished\":\"2023-07-06T20:43:34+00:00\",\"dateModified\":\"2025-07-15T07:08:33+00:00\",\"breadcrumb\":{\"@id\":\"https:\/\/facial-machine.com\/fr\/produits\/serums-revitalisants-soin-visage-oxygene\/#breadcrumb\"},\"inLanguage\":\"fr-FR\",\"potentialAction\":[{\"@type\":\"ReadAction\",\"target\":[\"https:\/\/facial-machine.com\/fr\/produits\/serums-revitalisants-soin-visage-oxygene\/\"]}]},{\"@type\":\"ImageObject\",\"inLanguage\":\"fr-FR\",\"@id\":\"https:\/\/facial-machine.com\/fr\/produits\/serums-revitalisants-soin-visage-oxygene\/#primaryimage\",\"url\":\"https:\/\/facial-machine.com\/wp-content\/uploads\/2023\/07\/serum-spray-1.png\",\"contentUrl\":\"https:\/\/facial-machine.com\/wp-content\/uploads\/2023\/07\/serum-spray-1.png\",\"width\":3328,\"height\":3328,\"caption\":\"serum pour soin facial avec machine spray\"},{\"@type\":\"BreadcrumbList\",\"@id\":\"https:\/\/facial-machine.com\/fr\/produits\/serums-revitalisants-soin-visage-oxygene\/#breadcrumb\",\"itemListElement\":[{\"@type\":\"ListItem\",\"position\":1,\"name\":\"Home\",\"item\":\"https:\/\/facial-machine.com\/fr\/\"},{\"@type\":\"ListItem\",\"position\":2,\"name\":\"Nos produits\",\"item\":\"https:\/\/facial-machine.com\/fr\/?page_id=6198\"},{\"@type\":\"ListItem\",\"position\":3,\"name\":\"S\u00e9rums Revitalisants (10 x 30ml) pour Soin Visage Oxyg\u00e8ne\"}]},{\"@type\":\"WebSite\",\"@id\":\"https:\/\/facial-machine.com\/#website\",\"url\":\"https:\/\/facial-machine.com\/\",\"name\":\"facial-machine.com\",\"description\":\"Just another WordPress site\",\"publisher\":{\"@id\":\"https:\/\/facial-machine.com\/#organization\"},\"potentialAction\":[{\"@type\":\"SearchAction\",\"target\":{\"@type\":\"EntryPoint\",\"urlTemplate\":\"https:\/\/facial-machine.com\/?s={search_term_string}\"},\"query-input\":{\"@type\":\"PropertyValueSpecification\",\"valueRequired\":true,\"valueName\":\"search_term_string\"}}],\"inLanguage\":\"fr-FR\"},{\"@type\":\"Organization\",\"@id\":\"https:\/\/facial-machine.com\/#organization\",\"name\":\"Bella Facial\",\"url\":\"https:\/\/facial-machine.com\/\",\"logo\":{\"@type\":\"ImageObject\",\"inLanguage\":\"fr-FR\",\"@id\":\"https:\/\/facial-machine.com\/#\/schema\/logo\/image\/\",\"url\":\"https:\/\/facial-machine.com\/wp-content\/uploads\/2023\/01\/cropped-logo_bellafacial_original-carre-scaled-1.jpg\",\"contentUrl\":\"https:\/\/facial-machine.com\/wp-content\/uploads\/2023\/01\/cropped-logo_bellafacial_original-carre-scaled-1.jpg\",\"width\":\"2560\",\"height\":\"2560\",\"caption\":\"Bella Facial\"},\"image\":{\"@id\":\"https:\/\/facial-machine.com\/#\/schema\/logo\/image\/\"}}]}<\/script>\n<!-- \/ Yoast SEO plugin. -->","yoast_head_json":{"title":"S\u00e9rums Revitalisants (10 x 30ml) pour Soin Visage Oxyg\u00e8ne | facial-machine.com","robots":{"index":"index","follow":"follow","max-snippet":"max-snippet:-1","max-image-preview":"max-image-preview:large","max-video-preview":"max-video-preview:-1"},"canonical":"https:\/\/facial-machine.com\/fr\/produits\/serums-revitalisants-soin-visage-oxygene\/","og_locale":"fr_FR","og_type":"article","og_title":"S\u00e9rums Revitalisants (10 x 30ml) pour Soin Visage Oxyg\u00e8ne | facial-machine.com","og_description":"Voici notre ampoule revitalisante \u00e0 l'oxyg\u00e8ne, la solution ultime pour une exp\u00e9rience de soin rajeunissante et revigorante\u00a0! Con\u00e7ue sp\u00e9cifiquement pour \u00eatre utilis\u00e9e avec un vaporisateur d'oxyg\u00e8ne pour le visage, cette ampoule remarquable d\u00e9livre une puissante dose d'oxyg\u00e8ne \u00e0 votre peau, d\u00e9voilant un teint frais et \u00e9clatant.  \u2705 Le kit permet de faire plus de 30 sessions  \u2705 10 ampoules de 30 ml  \u2705\u00a0Livraison GRATUITE et RAPIDE partout","og_url":"https:\/\/facial-machine.com\/fr\/produits\/serums-revitalisants-soin-visage-oxygene\/","og_site_name":"facial-machine.com","article_modified_time":"2025-07-15T07:08:33+00:00","og_image":[{"width":1024,"height":1024,"url":"https:\/\/facial-machine.com\/wp-content\/uploads\/2023\/07\/serum-spray-1-1024x1024.png","type":"image\/png"}],"twitter_card":"summary_large_image","twitter_misc":{"Dur\u00e9e de lecture estim\u00e9e":"2 minutes"},"schema":{"@context":"https:\/\/schema.org","@graph":[{"@type":"WebPage","@id":"https:\/\/facial-machine.com\/fr\/produits\/serums-revitalisants-soin-visage-oxygene\/","url":"https:\/\/facial-machine.com\/fr\/produits\/serums-revitalisants-soin-visage-oxygene\/","name":"S\u00e9rums Revitalisants (10 x 30ml) pour Soin Visage Oxyg\u00e8ne | facial-machine.com","isPartOf":{"@id":"https:\/\/facial-machine.com\/#website"},"primaryImageOfPage":{"@id":"https:\/\/facial-machine.com\/fr\/produits\/serums-revitalisants-soin-visage-oxygene\/#primaryimage"},"image":{"@id":"https:\/\/facial-machine.com\/fr\/produits\/serums-revitalisants-soin-visage-oxygene\/#primaryimage"},"thumbnailUrl":"https:\/\/facial-machine.com\/wp-content\/uploads\/2023\/07\/serum-spray-1.png","datePublished":"2023-07-06T20:43:34+00:00","dateModified":"2025-07-15T07:08:33+00:00","breadcrumb":{"@id":"https:\/\/facial-machine.com\/fr\/produits\/serums-revitalisants-soin-visage-oxygene\/#breadcrumb"},"inLanguage":"fr-FR","potentialAction":[{"@type":"ReadAction","target":["https:\/\/facial-machine.com\/fr\/produits\/serums-revitalisants-soin-visage-oxygene\/"]}]},{"@type":"ImageObject","inLanguage":"fr-FR","@id":"https:\/\/facial-machine.com\/fr\/produits\/serums-revitalisants-soin-visage-oxygene\/#primaryimage","url":"https:\/\/facial-machine.com\/wp-content\/uploads\/2023\/07\/serum-spray-1.png","contentUrl":"https:\/\/facial-machine.com\/wp-content\/uploads\/2023\/07\/serum-spray-1.png","width":3328,"height":3328,"caption":"serum pour soin facial avec machine spray"},{"@type":"BreadcrumbList","@id":"https:\/\/facial-machine.com\/fr\/produits\/serums-revitalisants-soin-visage-oxygene\/#breadcrumb","itemListElement":[{"@type":"ListItem","position":1,"name":"Home","item":"https:\/\/facial-machine.com\/fr\/"},{"@type":"ListItem","position":2,"name":"Nos produits","item":"https:\/\/facial-machine.com\/fr\/?page_id=6198"},{"@type":"ListItem","position":3,"name":"S\u00e9rums Revitalisants (10 x 30ml) pour Soin Visage Oxyg\u00e8ne"}]},{"@type":"WebSite","@id":"https:\/\/facial-machine.com\/#website","url":"https:\/\/facial-machine.com\/","name":"facial-machine.com","description":"Just another WordPress site","publisher":{"@id":"https:\/\/facial-machine.com\/#organization"},"potentialAction":[{"@type":"SearchAction","target":{"@type":"EntryPoint","urlTemplate":"https:\/\/facial-machine.com\/?s={search_term_string}"},"query-input":{"@type":"PropertyValueSpecification","valueRequired":true,"valueName":"search_term_string"}}],"inLanguage":"fr-FR"},{"@type":"Organization","@id":"https:\/\/facial-machine.com\/#organization","name":"Bella Facial","url":"https:\/\/facial-machine.com\/","logo":{"@type":"ImageObject","inLanguage":"fr-FR","@id":"https:\/\/facial-machine.com\/#\/schema\/logo\/image\/","url":"https:\/\/facial-machine.com\/wp-content\/uploads\/2023\/01\/cropped-logo_bellafacial_original-carre-scaled-1.jpg","contentUrl":"https:\/\/facial-machine.com\/wp-content\/uploads\/2023\/01\/cropped-logo_bellafacial_original-carre-scaled-1.jpg","width":"2560","height":"2560","caption":"Bella Facial"},"image":{"@id":"https:\/\/facial-machine.com\/#\/schema\/logo\/image\/"}}]}},"jetpack_sharing_enabled":true,"_links":{"self":[{"href":"https:\/\/facial-machine.com\/fr\/wp-json\/wp\/v2\/product\/8097","targetHints":{"allow":["GET"]}}],"collection":[{"href":"https:\/\/facial-machine.com\/fr\/wp-json\/wp\/v2\/product"}],"about":[{"href":"https:\/\/facial-machine.com\/fr\/wp-json\/wp\/v2\/types\/product"}],"replies":[{"embeddable":true,"href":"https:\/\/facial-machine.com\/fr\/wp-json\/wp\/v2\/comments?post=8097"}],"wp:featuredmedia":[{"embeddable":true,"href":"https:\/\/facial-machine.com\/fr\/wp-json\/wp\/v2\/media\/8096"}],"wp:attachment":[{"href":"https:\/\/facial-machine.com\/fr\/wp-json\/wp\/v2\/media?parent=8097"}],"wp:term":[{"taxonomy":"product_brand","embeddable":true,"href":"https:\/\/facial-machine.com\/fr\/wp-json\/wp\/v2\/product_brand?post=8097"},{"taxonomy":"product_cat","embeddable":true,"href":"https:\/\/facial-machine.com\/fr\/wp-json\/wp\/v2\/product_cat?post=8097"},{"taxonomy":"product_tag","embeddable":true,"href":"https:\/\/facial-machine.com\/fr\/wp-json\/wp\/v2\/product_tag?post=8097"}],"curies":[{"name":"wp","href":"https:\/\/api.w.org\/{rel}","templated":true}]}}