{"id":7041,"date":"2023-05-04T12:50:31","date_gmt":"2023-05-04T16:50:31","guid":{"rendered":"https:\/\/facial-machine.com\/?page_id=7041"},"modified":"2023-05-04T12:58:02","modified_gmt":"2023-05-04T16:58:02","slug":"mentions-legales","status":"publish","type":"page","link":"https:\/\/facial-machine.com\/fr\/mentions-legales\/","title":{"rendered":"Mentions legales"},"content":{"rendered":"<p>MENTIONS L\u00c9GALES<\/p>\n<p>Le site web Bella Facial est \u00e9dit\u00e9 par Bella Vacuum Inc., une soci\u00e9t\u00e9 incorpor\u00e9e au Canada. Elle est situ\u00e9 au 4810B magloire, Sherbrooke, J1N 2J2, Qc, Canada et repr\u00e9sent\u00e9e par Alexandre Poirier-Isabel et Michael Hamroun.<\/p>\n<p>T\u00e9l\u00e9phone : +1 819 300-6018<\/p>\n<p>Le directeur de la publication du site web Bella Facial est Alexandre Poirier-Isabel.<\/p>\n<p>Le site web Bella Facial est h\u00e9berg\u00e9 par Nexcess.<\/p>\n<p>Le site web Bella Facial a \u00e9t\u00e9 con\u00e7u et r\u00e9alis\u00e9 par Bella Vacuum Inc.<\/p>\n<p>Les informations relatives aux machines de beaut\u00e9 pour le visage vendues sur le site web Bella Facial sont pr\u00e9sent\u00e9es \u00e0 titre indicatif et ne sauraient \u00eatre consid\u00e9r\u00e9es comme exhaustives. Bella Facial ne saurait \u00eatre tenue responsable des erreurs ou omissions dans les informations fournies sur le site.<\/p>\n<p>Les marques, logos et contenus pr\u00e9sents sur le site web Bella Facial sont la propri\u00e9t\u00e9 exclusive de leur titulaire respectif. Toute reproduction, distribution, modification, adaptation, retransmission ou publication, m\u00eame partielle, de ces \u00e9l\u00e9ments est strictement interdite sans l&rsquo;autorisation \u00e9crite pr\u00e9alable de leur titulaire.<\/p>\n<p>Le site web Bella Facial peut contenir des liens vers d&rsquo;autres sites web g\u00e9r\u00e9s par des tiers. Bella Facial ne saurait \u00eatre tenue responsable du contenu de ces sites ou des dommages qui pourraient r\u00e9sulter de l&rsquo;utilisation de ces sites.<\/p>\n<p>Les pr\u00e9sentes mentions l\u00e9gales sont r\u00e9gies par le droit Canadien. Tout litige relatif \u00e0 l&rsquo;interpr\u00e9tation ou \u00e0 l&rsquo;ex\u00e9cution de ces mentions l\u00e9gales sera soumis \u00e0 la comp\u00e9tence exclusive des tribunaux Canadien.<\/p>\n","protected":false},"excerpt":{"rendered":"<p>MENTIONS L\u00c9GALES Le site web Bella Facial est \u00e9dit\u00e9 par Bella Vacuum Inc., une soci\u00e9t\u00e9 incorpor\u00e9e au Canada. Elle est situ\u00e9 au 4810B magloire, Sherbrooke, J1N 2J2, Qc, Canada et repr\u00e9sent\u00e9e par Alexandre Poirier-Isabel et Michael Hamroun. T\u00e9l\u00e9phone : +1 819 300-6018 Le directeur de la publication du site web Bella Facial est Alexandre Poirier-Isabel. [&hellip;]<\/p>\n","protected":false},"author":1,"featured_media":0,"parent":0,"menu_order":0,"comment_status":"closed","ping_status":"closed","template":"","meta":{"site-sidebar-layout":"default","site-content-layout":"default","ast-site-content-layout":"default","site-content-style":"default","site-sidebar-style":"default","ast-global-header-display":"","ast-banner-title-visibility":"","ast-main-header-display":"","ast-hfb-above-header-display":"","ast-hfb-below-header-display":"","ast-hfb-mobile-header-display":"","site-post-title":"","ast-breadcrumbs-content":"","ast-featured-img":"","footer-sml-layout":"","theme-transparent-header-meta":"default","adv-header-id-meta":"","stick-header-meta":"default","header-above-stick-meta":"","header-main-stick-meta":"","header-below-stick-meta":"","astra-migrate-meta-layouts":"default","ast-page-background-enabled":"default","ast-page-background-meta":{"desktop":{"background-color":"","background-image":"","background-repeat":"repeat","background-position":"center center","background-size":"auto","background-attachment":"scroll","background-type":"","background-media":"","overlay-type":"","overlay-color":"","overlay-opacity":"","overlay-gradient":""},"tablet":{"background-color":"","background-image":"","background-repeat":"repeat","background-position":"center center","background-size":"auto","background-attachment":"scroll","background-type":"","background-media":"","overlay-type":"","overlay-color":"","overlay-opacity":"","overlay-gradient":""},"mobile":{"background-color":"","background-image":"","background-repeat":"repeat","background-position":"center center","background-size":"auto","background-attachment":"scroll","background-type":"","background-media":"","overlay-type":"","overlay-color":"","overlay-opacity":"","overlay-gradient":""}},"ast-content-background-meta":{"desktop":{"background-color":"var(--ast-global-color-5)","background-image":"","background-repeat":"repeat","background-position":"center center","background-size":"auto","background-attachment":"scroll","background-type":"","background-media":"","overlay-type":"","overlay-color":"","overlay-opacity":"","overlay-gradient":""},"tablet":{"background-color":"var(--ast-global-color-5)","background-image":"","background-repeat":"repeat","background-position":"center center","background-size":"auto","background-attachment":"scroll","background-type":"","background-media":"","overlay-type":"","overlay-color":"","overlay-opacity":"","overlay-gradient":""},"mobile":{"background-color":"var(--ast-global-color-5)","background-image":"","background-repeat":"repeat","background-position":"center center","background-size":"auto","background-attachment":"scroll","background-type":"","background-media":"","overlay-type":"","overlay-color":"","overlay-opacity":"","overlay-gradient":""}},"footnotes":""},"class_list":["post-7041","page","type-page","status-publish","hentry"],"yoast_head":"<!-- This site is optimized with the Yoast SEO plugin v26.2 - https:\/\/yoast.com\/wordpress\/plugins\/seo\/ -->\n<title>Mentions legales | facial-machine.com<\/title>\n<meta name=\"robots\" content=\"index, follow, max-snippet:-1, max-image-preview:large, max-video-preview:-1\" \/>\n<link rel=\"canonical\" href=\"https:\/\/facial-machine.com\/fr\/mentions-legales\/\" \/>\n<meta property=\"og:locale\" content=\"fr_FR\" \/>\n<meta property=\"og:type\" content=\"article\" \/>\n<meta property=\"og:title\" content=\"Mentions legales | facial-machine.com\" \/>\n<meta property=\"og:description\" content=\"MENTIONS L\u00c9GALES Le site web Bella Facial est \u00e9dit\u00e9 par Bella Vacuum Inc., une soci\u00e9t\u00e9 incorpor\u00e9e au Canada. Elle est situ\u00e9 au 4810B magloire, Sherbrooke, J1N 2J2, Qc, Canada et repr\u00e9sent\u00e9e par Alexandre Poirier-Isabel et Michael Hamroun. T\u00e9l\u00e9phone : +1 819 300-6018 Le directeur de la publication du site web Bella Facial est Alexandre Poirier-Isabel. [&hellip;]\" \/>\n<meta property=\"og:url\" content=\"https:\/\/facial-machine.com\/fr\/mentions-legales\/\" \/>\n<meta property=\"og:site_name\" content=\"facial-machine.com\" \/>\n<meta property=\"article:modified_time\" content=\"2023-05-04T16:58:02+00:00\" \/>\n<meta name=\"twitter:card\" content=\"summary_large_image\" \/>\n<meta name=\"twitter:label1\" content=\"Dur\u00e9e de lecture estim\u00e9e\" \/>\n\t<meta name=\"twitter:data1\" content=\"2 minutes\" \/>\n<script type=\"application\/ld+json\" class=\"yoast-schema-graph\">{\"@context\":\"https:\/\/schema.org\",\"@graph\":[{\"@type\":\"WebPage\",\"@id\":\"https:\/\/facial-machine.com\/fr\/mentions-legales\/\",\"url\":\"https:\/\/facial-machine.com\/fr\/mentions-legales\/\",\"name\":\"Mentions legales | facial-machine.com\",\"isPartOf\":{\"@id\":\"https:\/\/facial-machine.com\/#website\"},\"datePublished\":\"2023-05-04T16:50:31+00:00\",\"dateModified\":\"2023-05-04T16:58:02+00:00\",\"breadcrumb\":{\"@id\":\"https:\/\/facial-machine.com\/fr\/mentions-legales\/#breadcrumb\"},\"inLanguage\":\"fr-FR\",\"potentialAction\":[{\"@type\":\"ReadAction\",\"target\":[\"https:\/\/facial-machine.com\/fr\/mentions-legales\/\"]}]},{\"@type\":\"BreadcrumbList\",\"@id\":\"https:\/\/facial-machine.com\/fr\/mentions-legales\/#breadcrumb\",\"itemListElement\":[{\"@type\":\"ListItem\",\"position\":1,\"name\":\"Home\",\"item\":\"https:\/\/facial-machine.com\/fr\/\"},{\"@type\":\"ListItem\",\"position\":2,\"name\":\"Mentions legales\"}]},{\"@type\":\"WebSite\",\"@id\":\"https:\/\/facial-machine.com\/#website\",\"url\":\"https:\/\/facial-machine.com\/\",\"name\":\"facial-machine.com\",\"description\":\"Just another WordPress site\",\"publisher\":{\"@id\":\"https:\/\/facial-machine.com\/#organization\"},\"potentialAction\":[{\"@type\":\"SearchAction\",\"target\":{\"@type\":\"EntryPoint\",\"urlTemplate\":\"https:\/\/facial-machine.com\/?s={search_term_string}\"},\"query-input\":{\"@type\":\"PropertyValueSpecification\",\"valueRequired\":true,\"valueName\":\"search_term_string\"}}],\"inLanguage\":\"fr-FR\"},{\"@type\":\"Organization\",\"@id\":\"https:\/\/facial-machine.com\/#organization\",\"name\":\"Bella Facial\",\"url\":\"https:\/\/facial-machine.com\/\",\"logo\":{\"@type\":\"ImageObject\",\"inLanguage\":\"fr-FR\",\"@id\":\"https:\/\/facial-machine.com\/#\/schema\/logo\/image\/\",\"url\":\"https:\/\/facial-machine.com\/wp-content\/uploads\/2023\/01\/cropped-logo_bellafacial_original-carre-scaled-1.jpg\",\"contentUrl\":\"https:\/\/facial-machine.com\/wp-content\/uploads\/2023\/01\/cropped-logo_bellafacial_original-carre-scaled-1.jpg\",\"width\":\"2560\",\"height\":\"2560\",\"caption\":\"Bella Facial\"},\"image\":{\"@id\":\"https:\/\/facial-machine.com\/#\/schema\/logo\/image\/\"}}]}<\/script>\n<!-- \/ Yoast SEO plugin. -->","yoast_head_json":{"title":"Mentions legales | facial-machine.com","robots":{"index":"index","follow":"follow","max-snippet":"max-snippet:-1","max-image-preview":"max-image-preview:large","max-video-preview":"max-video-preview:-1"},"canonical":"https:\/\/facial-machine.com\/fr\/mentions-legales\/","og_locale":"fr_FR","og_type":"article","og_title":"Mentions legales | facial-machine.com","og_description":"MENTIONS L\u00c9GALES Le site web Bella Facial est \u00e9dit\u00e9 par Bella Vacuum Inc., une soci\u00e9t\u00e9 incorpor\u00e9e au Canada. Elle est situ\u00e9 au 4810B magloire, Sherbrooke, J1N 2J2, Qc, Canada et repr\u00e9sent\u00e9e par Alexandre Poirier-Isabel et Michael Hamroun. T\u00e9l\u00e9phone : +1 819 300-6018 Le directeur de la publication du site web Bella Facial est Alexandre Poirier-Isabel. [&hellip;]","og_url":"https:\/\/facial-machine.com\/fr\/mentions-legales\/","og_site_name":"facial-machine.com","article_modified_time":"2023-05-04T16:58:02+00:00","twitter_card":"summary_large_image","twitter_misc":{"Dur\u00e9e de lecture estim\u00e9e":"2 minutes"},"schema":{"@context":"https:\/\/schema.org","@graph":[{"@type":"WebPage","@id":"https:\/\/facial-machine.com\/fr\/mentions-legales\/","url":"https:\/\/facial-machine.com\/fr\/mentions-legales\/","name":"Mentions legales | facial-machine.com","isPartOf":{"@id":"https:\/\/facial-machine.com\/#website"},"datePublished":"2023-05-04T16:50:31+00:00","dateModified":"2023-05-04T16:58:02+00:00","breadcrumb":{"@id":"https:\/\/facial-machine.com\/fr\/mentions-legales\/#breadcrumb"},"inLanguage":"fr-FR","potentialAction":[{"@type":"ReadAction","target":["https:\/\/facial-machine.com\/fr\/mentions-legales\/"]}]},{"@type":"BreadcrumbList","@id":"https:\/\/facial-machine.com\/fr\/mentions-legales\/#breadcrumb","itemListElement":[{"@type":"ListItem","position":1,"name":"Home","item":"https:\/\/facial-machine.com\/fr\/"},{"@type":"ListItem","position":2,"name":"Mentions legales"}]},{"@type":"WebSite","@id":"https:\/\/facial-machine.com\/#website","url":"https:\/\/facial-machine.com\/","name":"facial-machine.com","description":"Just another WordPress site","publisher":{"@id":"https:\/\/facial-machine.com\/#organization"},"potentialAction":[{"@type":"SearchAction","target":{"@type":"EntryPoint","urlTemplate":"https:\/\/facial-machine.com\/?s={search_term_string}"},"query-input":{"@type":"PropertyValueSpecification","valueRequired":true,"valueName":"search_term_string"}}],"inLanguage":"fr-FR"},{"@type":"Organization","@id":"https:\/\/facial-machine.com\/#organization","name":"Bella Facial","url":"https:\/\/facial-machine.com\/","logo":{"@type":"ImageObject","inLanguage":"fr-FR","@id":"https:\/\/facial-machine.com\/#\/schema\/logo\/image\/","url":"https:\/\/facial-machine.com\/wp-content\/uploads\/2023\/01\/cropped-logo_bellafacial_original-carre-scaled-1.jpg","contentUrl":"https:\/\/facial-machine.com\/wp-content\/uploads\/2023\/01\/cropped-logo_bellafacial_original-carre-scaled-1.jpg","width":"2560","height":"2560","caption":"Bella Facial"},"image":{"@id":"https:\/\/facial-machine.com\/#\/schema\/logo\/image\/"}}]}},"jetpack_sharing_enabled":true,"_links":{"self":[{"href":"https:\/\/facial-machine.com\/fr\/wp-json\/wp\/v2\/pages\/7041","targetHints":{"allow":["GET"]}}],"collection":[{"href":"https:\/\/facial-machine.com\/fr\/wp-json\/wp\/v2\/pages"}],"about":[{"href":"https:\/\/facial-machine.com\/fr\/wp-json\/wp\/v2\/types\/page"}],"author":[{"embeddable":true,"href":"https:\/\/facial-machine.com\/fr\/wp-json\/wp\/v2\/users\/1"}],"replies":[{"embeddable":true,"href":"https:\/\/facial-machine.com\/fr\/wp-json\/wp\/v2\/comments?post=7041"}],"version-history":[{"count":3,"href":"https:\/\/facial-machine.com\/fr\/wp-json\/wp\/v2\/pages\/7041\/revisions"}],"predecessor-version":[{"id":7045,"href":"https:\/\/facial-machine.com\/fr\/wp-json\/wp\/v2\/pages\/7041\/revisions\/7045"}],"wp:attachment":[{"href":"https:\/\/facial-machine.com\/fr\/wp-json\/wp\/v2\/media?parent=7041"}],"curies":[{"name":"wp","href":"https:\/\/api.w.org\/{rel}","templated":true}]}}