{"id":6223,"date":"2018-06-18T06:57:36","date_gmt":"2018-06-18T10:57:36","guid":{"rendered":"https:\/\/facial-machine.com\/?page_id=6223"},"modified":"2023-08-25T09:09:36","modified_gmt":"2023-08-25T13:09:36","slug":"__trashed","status":"publish","type":"page","link":"https:\/\/facial-machine.com\/fr\/","title":{"rendered":"Home"},"content":{"rendered":"\n\n\t\t\t\t<img loading=\"lazy\" decoding=\"async\" src=\"https:\/\/facial-machine.com\/wp-content\/uploads\/2022\/12\/facial-machine-treatment-result-906x1024.png\" alt=\"facial machine treatment result\" itemprop=\"image\" height=\"1024\" width=\"906\" title=\"facial machine treatment result\" onerror=\"this.style.display='none'\"  \/>\n\t\t\t\t<img loading=\"lazy\" decoding=\"async\" src=\"https:\/\/facial-machine.com\/wp-content\/uploads\/2022\/12\/pngfind.com-palm-tree-leaf-png-30363.png\" alt=\"pngfind.com-palm-tree-leaf-png-30363\" itemprop=\"image\" height=\"529\" width=\"600\" title=\"pngfind.com-palm-tree-leaf-png-30363\" onerror=\"this.style.display='none'\"  \/>\n\t<h5>\n\t\t\t\t\tProduits de la meilleure qualit\u00e9\n\t\t\t\t<\/h5>\n\t<h1>\n\t\t\t\t\tSp\u00e9cialiste en appareils professionnels pour soin du visage\n\t\t\t\t<\/h1>\n\t\t\t<p>Bella Facial est experte dans la vente et la formation d&rsquo;appareils de beaut\u00e9 pour le visage.<\/p>\n\t\t\t<a href=\"https:\/\/facial-machine.com\/fr\/produits\/\" target=\"_self\" role=\"button\" rel=\"noopener\">\n\t\t\t\t\t\tVoir la Boutique\n\t\t<\/a>\n\t<ul>\n\t\t<li>\t\t\t\t\n\t\t<h4>Produits de qualit\u00e9<\/h4><p>Nos appareils de haute qualit\u00e9 vous donneront de vrais r\u00e9sultats<\/p><\/li>\t<\/ul>\n\t<ul>\n\t\t<li>\t\t\t\t\n\t\t<h4>Assistance client \u00e0 vie<\/h4><p>Formation compl\u00e8te en ligne et accompagnement personnalis\u00e9.<\/p><\/li>\t<\/ul>\n\t<ul>\n\t\t<li>\t\t\t\t\n\t\t<h4>Livraison gratuite et rapide<\/h4><p>Vers France, Belgique, Canada, etc.<\/p><\/li>\t<\/ul>\n\t<ul>\n\t\t<li>\t\t\t\t\n\t\t<h4>1 an de garantie<\/h4><p>Sur tout dans la boutique<\/p><\/li>\t<\/ul>\n\t<h2>\n\t\t\t\t\tNos Produits\n\t\t\t\t<\/h2>\n\t\t\t\t<img decoding=\"async\" src=\"https:\/\/facial-machine.com\/wp-content\/uploads\/2022\/12\/pngfind.com-palm-tree-leaf-png-30363.png\" alt=\"pngfind.com-palm-tree-leaf-png-30363\" itemprop=\"image\"\/>\n\t<div class=\"woocommerce columns-4 \"><ul class=\"products columns-4\">\n<li class=\"desktop-align-left tablet-align-left mobile-align-left ast-product-gallery-layout-horizontal ast-product-tabs-layout-horizontal ast-qv-on-image product type-product post-8806 status-publish first instock product_cat-appareil-a-oxygene has-post-thumbnail featured shipping-taxable purchasable product-type-simple\">\n\t<a href=\"https:\/\/facial-machine.com\/fr\/produits\/appareil-brumisation-lift-coreen\/\" class=\"woocommerce-LoopProduct-link woocommerce-loop-product__link\"><img loading=\"lazy\" decoding=\"async\" width=\"300\" height=\"300\" src=\"https:\/\/facial-machine.com\/wp-content\/uploads\/2023\/01\/06-300x300.jpg\" class=\"attachment-woocommerce_thumbnail size-woocommerce_thumbnail\" alt=\"appareil de brumisation lift Cor\u00e9en\" srcset=\"https:\/\/facial-machine.com\/wp-content\/uploads\/2023\/01\/06-300x300.jpg 300w, https:\/\/facial-machine.com\/wp-content\/uploads\/2023\/01\/06-150x150.jpg 150w, https:\/\/facial-machine.com\/wp-content\/uploads\/2023\/01\/06-768x768.jpg 768w, https:\/\/facial-machine.com\/wp-content\/uploads\/2023\/01\/06-600x600.jpg 600w, https:\/\/facial-machine.com\/wp-content\/uploads\/2023\/01\/06-100x100.jpg 100w, https:\/\/facial-machine.com\/wp-content\/uploads\/2023\/01\/06.jpg 800w\" sizes=\"auto, (max-width: 300px) 100vw, 300px\" \/><h2 class=\"woocommerce-loop-product__title\">Appareil de Brumisation Lift Cor\u00e9en &#8211; Bella Facial Machine V1<\/h2><div class=\"review-rating\"><div class=\"star-rating\"><span style=\"width:97.2%\">Note <strong class=\"rating\">4.86<\/strong> sur 5<\/span><\/div><\/div>\n\t<span class=\"price\"><span class=\"woocommerce-Price-amount amount\"><bdi><span class=\"woocommerce-Price-currencySymbol\">&euro;<\/span>1 097.87<\/bdi><\/span><\/span>\n<\/a><a href=\"\/fr\/wp-json\/wp\/v2\/pages\/6223?add-to-cart=8806\" aria-describedby=\"woocommerce_loop_add_to_cart_link_describedby_8806\" data-quantity=\"1\" class=\"button product_type_simple add_to_cart_button ajax_add_to_cart \" data-product_id=\"8806\" data-product_sku=\"\" aria-label=\"Ajouter au panier\u00a0: &ldquo;Appareil de Brumisation Lift Cor\u00e9en - Bella Facial Machine V1&rdquo;\" rel=\"nofollow\" data-success_message=\"\u00ab\u00a0Appareil de Brumisation Lift Cor\u00e9en - Bella Facial Machine V1\u00a0\u00bb a \u00e9t\u00e9 ajout\u00e9 \u00e0 votre panier\" role=\"button\">Ajouter au panier<\/a>\t<span id=\"woocommerce_loop_add_to_cart_link_describedby_8806\" class=\"screen-reader-text\">\n\t\t\t<\/span>\n<\/li>\n<li class=\"desktop-align-left tablet-align-left mobile-align-left ast-product-gallery-layout-horizontal ast-product-tabs-layout-horizontal ast-qv-on-image product type-product post-6231 status-publish instock product_cat-machine-hydrafacial has-post-thumbnail featured shipping-taxable purchasable product-type-simple\">\n\t<a href=\"https:\/\/facial-machine.com\/fr\/produits\/machine-hydrodermabrasion\/\" class=\"woocommerce-LoopProduct-link woocommerce-loop-product__link\"><img loading=\"lazy\" decoding=\"async\" width=\"300\" height=\"300\" src=\"https:\/\/facial-machine.com\/wp-content\/uploads\/2022\/12\/machine-hydrafacial-300x300.png\" class=\"attachment-woocommerce_thumbnail size-woocommerce_thumbnail\" alt=\"hydrodermabrasion machine\" srcset=\"https:\/\/facial-machine.com\/wp-content\/uploads\/2022\/12\/machine-hydrafacial-300x300.png 300w, https:\/\/facial-machine.com\/wp-content\/uploads\/2022\/12\/machine-hydrafacial-1024x1024.png 1024w, https:\/\/facial-machine.com\/wp-content\/uploads\/2022\/12\/machine-hydrafacial-150x150.png 150w, https:\/\/facial-machine.com\/wp-content\/uploads\/2022\/12\/machine-hydrafacial-768x768.png 768w, https:\/\/facial-machine.com\/wp-content\/uploads\/2022\/12\/machine-hydrafacial-600x600.png 600w, https:\/\/facial-machine.com\/wp-content\/uploads\/2022\/12\/machine-hydrafacial-100x100.png 100w, https:\/\/facial-machine.com\/wp-content\/uploads\/2022\/12\/machine-hydrafacial.png 1080w\" sizes=\"auto, (max-width: 300px) 100vw, 300px\" \/><h2 class=\"woocommerce-loop-product__title\">Machine Hydrodermabrasion (Aqua Facial) \u2013 Bella Facial V1<\/h2><div class=\"review-rating\"><div class=\"star-rating\"><span style=\"width:97.6%\">Note <strong class=\"rating\">4.88<\/strong> sur 5<\/span><\/div><\/div>\n\t<span class=\"price\"><span class=\"woocommerce-Price-amount amount\"><bdi><span class=\"woocommerce-Price-currencySymbol\">&euro;<\/span>684.99<\/bdi><\/span><\/span>\n<\/a><a href=\"\/fr\/wp-json\/wp\/v2\/pages\/6223?add-to-cart=6231\" aria-describedby=\"woocommerce_loop_add_to_cart_link_describedby_6231\" data-quantity=\"1\" class=\"button product_type_simple add_to_cart_button ajax_add_to_cart \" data-product_id=\"6231\" data-product_sku=\"\" aria-label=\"Ajouter au panier\u00a0: &ldquo;Machine Hydrodermabrasion (Aqua Facial) \u2013 Bella Facial V1&rdquo;\" rel=\"nofollow\" data-success_message=\"\u00ab\u00a0Machine Hydrodermabrasion (Aqua Facial) \u2013 Bella Facial V1\u00a0\u00bb a \u00e9t\u00e9 ajout\u00e9 \u00e0 votre panier\" role=\"button\">Ajouter au panier<\/a>\t<span id=\"woocommerce_loop_add_to_cart_link_describedby_6231\" class=\"screen-reader-text\">\n\t\t\t<\/span>\n<\/li>\n<li class=\"desktop-align-left tablet-align-left mobile-align-left ast-product-gallery-layout-horizontal ast-product-gallery-with-no-image ast-product-tabs-layout-horizontal ast-qv-on-image product type-product post-6489 status-publish outofstock has-post-thumbnail featured shipping-taxable purchasable product-type-simple\">\n\t<a href=\"https:\/\/facial-machine.com\/fr\/produits\/serums-hydrodermabrasion\/\" class=\"woocommerce-LoopProduct-link woocommerce-loop-product__link\"><img loading=\"lazy\" decoding=\"async\" width=\"300\" height=\"300\" src=\"https:\/\/facial-machine.com\/wp-content\/uploads\/2023\/04\/serums-300x300.png\" class=\"attachment-woocommerce_thumbnail size-woocommerce_thumbnail\" alt=\"serums pour traitement hydrodermabrasion\" srcset=\"https:\/\/facial-machine.com\/wp-content\/uploads\/2023\/04\/serums-300x300.png 300w, https:\/\/facial-machine.com\/wp-content\/uploads\/2023\/04\/serums-150x150.png 150w, https:\/\/facial-machine.com\/wp-content\/uploads\/2023\/04\/serums-768x768.png 768w, https:\/\/facial-machine.com\/wp-content\/uploads\/2023\/04\/serums-600x600.png 600w, https:\/\/facial-machine.com\/wp-content\/uploads\/2023\/04\/serums-100x100.png 100w, https:\/\/facial-machine.com\/wp-content\/uploads\/2023\/04\/serums.png 800w\" sizes=\"auto, (max-width: 300px) 100vw, 300px\" \/><h2 class=\"woocommerce-loop-product__title\">S\u00e9rums (3 x 30 ml) pour traitement Hydrodermabrasion<\/h2><div class=\"review-rating\"><div class=\"star-rating\"><span style=\"width:100%\">Note <strong class=\"rating\">5.00<\/strong> sur 5<\/span><\/div><\/div>\n\t<span class=\"price\"><span class=\"woocommerce-Price-amount amount\"><bdi><span class=\"woocommerce-Price-currencySymbol\">&euro;<\/span>30.00<\/bdi><\/span><\/span>\n<\/a><a href=\"https:\/\/facial-machine.com\/fr\/produits\/serums-hydrodermabrasion\/\" aria-describedby=\"woocommerce_loop_add_to_cart_link_describedby_6489\" data-quantity=\"1\" class=\"button product_type_simple \" data-product_id=\"6489\" data-product_sku=\"\" aria-label=\"En savoir plus sur &ldquo;S\u00e9rums (3 x 30 ml) pour traitement Hydrodermabrasion&rdquo;\" rel=\"nofollow\" data-success_message=\"\">Lire la suite<\/a>\t<span id=\"woocommerce_loop_add_to_cart_link_describedby_6489\" class=\"screen-reader-text\">\n\t\t\t<\/span>\n<\/li>\n<li class=\"desktop-align-left tablet-align-left mobile-align-left ast-product-gallery-layout-horizontal ast-product-gallery-with-no-image ast-product-tabs-layout-horizontal ast-qv-on-image product type-product post-8097 status-publish last outofstock product_cat-serums-fr has-post-thumbnail featured shipping-taxable purchasable product-type-simple\">\n\t<a href=\"https:\/\/facial-machine.com\/fr\/produits\/serums-revitalisants-soin-visage-oxygene\/\" class=\"woocommerce-LoopProduct-link woocommerce-loop-product__link\"><img loading=\"lazy\" decoding=\"async\" width=\"300\" height=\"300\" src=\"https:\/\/facial-machine.com\/wp-content\/uploads\/2023\/07\/serum-spray-1-300x300.png\" class=\"attachment-woocommerce_thumbnail size-woocommerce_thumbnail\" alt=\"serum pour soin facial avec machine spray\" srcset=\"https:\/\/facial-machine.com\/wp-content\/uploads\/2023\/07\/serum-spray-1-300x300.png 300w, https:\/\/facial-machine.com\/wp-content\/uploads\/2023\/07\/serum-spray-1-1024x1024.png 1024w, https:\/\/facial-machine.com\/wp-content\/uploads\/2023\/07\/serum-spray-1-150x150.png 150w, https:\/\/facial-machine.com\/wp-content\/uploads\/2023\/07\/serum-spray-1-768x768.png 768w, https:\/\/facial-machine.com\/wp-content\/uploads\/2023\/07\/serum-spray-1-1536x1536.png 1536w, https:\/\/facial-machine.com\/wp-content\/uploads\/2023\/07\/serum-spray-1-2048x2048.png 2048w, https:\/\/facial-machine.com\/wp-content\/uploads\/2023\/07\/serum-spray-1-1320x1320.png 1320w, https:\/\/facial-machine.com\/wp-content\/uploads\/2023\/07\/serum-spray-1-600x600.png 600w, https:\/\/facial-machine.com\/wp-content\/uploads\/2023\/07\/serum-spray-1-100x100.png 100w\" sizes=\"auto, (max-width: 300px) 100vw, 300px\" \/><h2 class=\"woocommerce-loop-product__title\">S\u00e9rums Revitalisants (10 x 30ml) pour Soin Visage Oxyg\u00e8ne<\/h2><div class=\"review-rating\"><div class=\"star-rating\"><span style=\"width:100%\">Note <strong class=\"rating\">5.00<\/strong> sur 5<\/span><\/div><\/div>\n\t<span class=\"price\"><span class=\"woocommerce-Price-amount amount\"><bdi><span class=\"woocommerce-Price-currencySymbol\">&euro;<\/span>149.99<\/bdi><\/span><\/span>\n<\/a><a href=\"https:\/\/facial-machine.com\/fr\/produits\/serums-revitalisants-soin-visage-oxygene\/\" aria-describedby=\"woocommerce_loop_add_to_cart_link_describedby_8097\" data-quantity=\"1\" class=\"button product_type_simple \" data-product_id=\"8097\" data-product_sku=\"\" aria-label=\"En savoir plus sur &ldquo;S\u00e9rums Revitalisants (10 x 30ml) pour Soin Visage Oxyg\u00e8ne&rdquo;\" rel=\"nofollow\" data-success_message=\"\">Lire la suite<\/a>\t<span id=\"woocommerce_loop_add_to_cart_link_describedby_8097\" class=\"screen-reader-text\">\n\t\t\t<\/span>\n<\/li>\n<\/ul>\n<\/div>\n\t<h2>\n\t\t\t\t\t\u00c0 propos des traitements hydro facial\n\t\t\t\t<\/h2>\n\t\t\t\t<img decoding=\"async\" src=\"https:\/\/facial-machine.com\/wp-content\/uploads\/2022\/12\/pngfind.com-palm-tree-leaf-png-30363.png\" alt=\"pngfind.com-palm-tree-leaf-png-30363\" itemprop=\"image\"\/>\n\t\t<h4>\n\t\tMachine faciale\n\t<\/h4>\n<h2>\n\t\tHydro dermabrasion\n\t<\/h2>\n\t<p>Le soin de la peau par hydrodermabrasion avec une machine faciale professionnelle a \u00e9t\u00e9 cr\u00e9\u00e9 dans les ann\u00e9es 1990 comme alternative \u00e0 la microdermabrasion traditionnelle. C&rsquo;est un nouveau soin du visage qui est devenu de plus en plus populaire ces derni\u00e8res ann\u00e9es en raison de son efficacit\u00e9 et de ses r\u00e9sultats impressionnants. L&rsquo;hydrodermabrasion est un traitement facial s\u00fbr qui utilise de l&rsquo;oxyg\u00e8ne et de l&rsquo;eau distill\u00e9e pour exfolier et nettoyer la peau afin d&rsquo;\u00e9liminer les impuret\u00e9s, la peau grasse et la salet\u00e9. Une l\u00e9g\u00e8re brume d&rsquo;eau qui contient des particules de diamant sera projet\u00e9e sur la peau et cela aidera \u00e0 hydrater et d\u00e9sobstruer les pores de la peau en profondeur. L&rsquo;\u00e9quipement utilis\u00e9 pour ce traitement s&rsquo;appelle une machine d&rsquo;hydrodermabrasion.<\/p>\n\n","protected":false},"excerpt":{"rendered":"<p>Produits de la meilleure qualit\u00e9 Sp\u00e9cialiste en appareils professionnels pour soin du visage Bella Facial est experte dans la vente et la formation d&rsquo;appareils de beaut\u00e9 pour le visage. Voir la Boutique Produits de qualit\u00e9 Nos appareils de haute qualit\u00e9 vous donneront de vrais r\u00e9sultats Assistance client \u00e0 vie Formation compl\u00e8te en ligne et accompagnement [&hellip;]<\/p>\n","protected":false},"author":1,"featured_media":0,"parent":0,"menu_order":0,"comment_status":"closed","ping_status":"closed","template":"","meta":{"site-sidebar-layout":"no-sidebar","site-content-layout":"page-builder","ast-site-content-layout":"full-width-container","site-content-style":"unboxed","site-sidebar-style":"unboxed","ast-global-header-display":"","ast-banner-title-visibility":"","ast-main-header-display":"","ast-hfb-above-header-display":"","ast-hfb-below-header-display":"","ast-hfb-mobile-header-display":"","site-post-title":"disabled","ast-breadcrumbs-content":"","ast-featured-img":"disabled","footer-sml-layout":"","theme-transparent-header-meta":"enabled","adv-header-id-meta":"","stick-header-meta":"default","header-above-stick-meta":"","header-main-stick-meta":"","header-below-stick-meta":"","astra-migrate-meta-layouts":"default","ast-page-background-enabled":"default","ast-page-background-meta":{"desktop":{"background-color":"","background-image":"","background-repeat":"repeat","background-position":"center center","background-size":"auto","background-attachment":"scroll","background-type":"","background-media":"","overlay-type":"","overlay-color":"","overlay-opacity":"","overlay-gradient":""},"tablet":{"background-color":"","background-image":"","background-repeat":"repeat","background-position":"center center","background-size":"auto","background-attachment":"scroll","background-type":"","background-media":"","overlay-type":"","overlay-color":"","overlay-opacity":"","overlay-gradient":""},"mobile":{"background-color":"","background-image":"","background-repeat":"repeat","background-position":"center center","background-size":"auto","background-attachment":"scroll","background-type":"","background-media":"","overlay-type":"","overlay-color":"","overlay-opacity":"","overlay-gradient":""}},"ast-content-background-meta":{"desktop":{"background-color":"var(--ast-global-color-5)","background-image":"","background-repeat":"repeat","background-position":"center center","background-size":"auto","background-attachment":"scroll","background-type":"","background-media":"","overlay-type":"","overlay-color":"","overlay-opacity":"","overlay-gradient":""},"tablet":{"background-color":"var(--ast-global-color-5)","background-image":"","background-repeat":"repeat","background-position":"center center","background-size":"auto","background-attachment":"scroll","background-type":"","background-media":"","overlay-type":"","overlay-color":"","overlay-opacity":"","overlay-gradient":""},"mobile":{"background-color":"var(--ast-global-color-5)","background-image":"","background-repeat":"repeat","background-position":"center center","background-size":"auto","background-attachment":"scroll","background-type":"","background-media":"","overlay-type":"","overlay-color":"","overlay-opacity":"","overlay-gradient":""}},"footnotes":""},"class_list":["post-6223","page","type-page","status-publish","hentry"],"yoast_head":"<!-- This site is optimized with the Yoast SEO plugin v26.2 - https:\/\/yoast.com\/wordpress\/plugins\/seo\/ -->\n<title>Appareil Soin Visage Professionnel (Lifting &amp; Anti Ride) | Bella Facial<\/title>\n<meta name=\"description\" content=\"Bella Facial sont des experts dans les appareils pour le soin du visage professionnels permettant un effet de lifting &amp; anti-rides.\" \/>\n<meta name=\"robots\" content=\"index, follow, max-snippet:-1, max-image-preview:large, max-video-preview:-1\" \/>\n<link rel=\"canonical\" href=\"https:\/\/facial-machine.com\/fr\/\" \/>\n<meta property=\"og:locale\" content=\"fr_FR\" \/>\n<meta property=\"og:type\" content=\"article\" \/>\n<meta property=\"og:title\" content=\"Appareil Soin Visage Professionnel (Lifting &amp; Anti Ride) | Bella Facial\" \/>\n<meta property=\"og:description\" content=\"Bella Facial sont des experts dans les appareils pour le soin du visage professionnels permettant un effet de lifting &amp; anti-rides.\" \/>\n<meta property=\"og:url\" content=\"https:\/\/facial-machine.com\/fr\/\" \/>\n<meta property=\"og:site_name\" content=\"facial-machine.com\" \/>\n<meta property=\"article:modified_time\" content=\"2023-08-25T13:09:36+00:00\" \/>\n<meta property=\"og:image\" content=\"https:\/\/facial-machine.com\/wp-content\/uploads\/2022\/12\/facial-machine-treatment-result-906x1024.png\" \/>\n<meta name=\"twitter:card\" content=\"summary_large_image\" \/>\n<meta name=\"twitter:label1\" content=\"Dur\u00e9e de lecture estim\u00e9e\" \/>\n\t<meta name=\"twitter:data1\" content=\"2 minutes\" \/>\n<script type=\"application\/ld+json\" class=\"yoast-schema-graph\">{\"@context\":\"https:\/\/schema.org\",\"@graph\":[{\"@type\":\"WebPage\",\"@id\":\"https:\/\/facial-machine.com\/fr\/\",\"url\":\"https:\/\/facial-machine.com\/fr\/\",\"name\":\"Appareil Soin Visage Professionnel (Lifting & Anti Ride) | Bella Facial\",\"isPartOf\":{\"@id\":\"https:\/\/facial-machine.com\/#website\"},\"primaryImageOfPage\":{\"@id\":\"https:\/\/facial-machine.com\/fr\/#primaryimage\"},\"image\":{\"@id\":\"https:\/\/facial-machine.com\/fr\/#primaryimage\"},\"thumbnailUrl\":\"https:\/\/facial-machine.com\/wp-content\/uploads\/2022\/12\/facial-machine-treatment-result-906x1024.png\",\"datePublished\":\"2018-06-18T10:57:36+00:00\",\"dateModified\":\"2023-08-25T13:09:36+00:00\",\"description\":\"Bella Facial sont des experts dans les appareils pour le soin du visage professionnels permettant un effet de lifting & anti-rides.\",\"breadcrumb\":{\"@id\":\"https:\/\/facial-machine.com\/fr\/#breadcrumb\"},\"inLanguage\":\"fr-FR\",\"potentialAction\":[{\"@type\":\"ReadAction\",\"target\":[\"https:\/\/facial-machine.com\/fr\/\"]}]},{\"@type\":\"ImageObject\",\"inLanguage\":\"fr-FR\",\"@id\":\"https:\/\/facial-machine.com\/fr\/#primaryimage\",\"url\":\"https:\/\/facial-machine.com\/wp-content\/uploads\/2022\/12\/facial-machine-treatment-result-906x1024.png\",\"contentUrl\":\"https:\/\/facial-machine.com\/wp-content\/uploads\/2022\/12\/facial-machine-treatment-result-906x1024.png\"},{\"@type\":\"BreadcrumbList\",\"@id\":\"https:\/\/facial-machine.com\/fr\/#breadcrumb\",\"itemListElement\":[{\"@type\":\"ListItem\",\"position\":1,\"name\":\"Home\",\"item\":\"https:\/\/facial-machine.com\/fr\/\"},{\"@type\":\"ListItem\",\"position\":2,\"name\":\"Home\"}]},{\"@type\":\"WebSite\",\"@id\":\"https:\/\/facial-machine.com\/#website\",\"url\":\"https:\/\/facial-machine.com\/\",\"name\":\"facial-machine.com\",\"description\":\"Just another WordPress site\",\"publisher\":{\"@id\":\"https:\/\/facial-machine.com\/#organization\"},\"potentialAction\":[{\"@type\":\"SearchAction\",\"target\":{\"@type\":\"EntryPoint\",\"urlTemplate\":\"https:\/\/facial-machine.com\/?s={search_term_string}\"},\"query-input\":{\"@type\":\"PropertyValueSpecification\",\"valueRequired\":true,\"valueName\":\"search_term_string\"}}],\"inLanguage\":\"fr-FR\"},{\"@type\":\"Organization\",\"@id\":\"https:\/\/facial-machine.com\/#organization\",\"name\":\"Bella Facial\",\"url\":\"https:\/\/facial-machine.com\/\",\"logo\":{\"@type\":\"ImageObject\",\"inLanguage\":\"fr-FR\",\"@id\":\"https:\/\/facial-machine.com\/#\/schema\/logo\/image\/\",\"url\":\"https:\/\/facial-machine.com\/wp-content\/uploads\/2023\/01\/cropped-logo_bellafacial_original-carre-scaled-1.jpg\",\"contentUrl\":\"https:\/\/facial-machine.com\/wp-content\/uploads\/2023\/01\/cropped-logo_bellafacial_original-carre-scaled-1.jpg\",\"width\":\"2560\",\"height\":\"2560\",\"caption\":\"Bella Facial\"},\"image\":{\"@id\":\"https:\/\/facial-machine.com\/#\/schema\/logo\/image\/\"}}]}<\/script>\n<!-- \/ Yoast SEO plugin. -->","yoast_head_json":{"title":"Appareil Soin Visage Professionnel (Lifting & Anti Ride) | Bella Facial","description":"Bella Facial sont des experts dans les appareils pour le soin du visage professionnels permettant un effet de lifting & anti-rides.","robots":{"index":"index","follow":"follow","max-snippet":"max-snippet:-1","max-image-preview":"max-image-preview:large","max-video-preview":"max-video-preview:-1"},"canonical":"https:\/\/facial-machine.com\/fr\/","og_locale":"fr_FR","og_type":"article","og_title":"Appareil Soin Visage Professionnel (Lifting & Anti Ride) | Bella Facial","og_description":"Bella Facial sont des experts dans les appareils pour le soin du visage professionnels permettant un effet de lifting & anti-rides.","og_url":"https:\/\/facial-machine.com\/fr\/","og_site_name":"facial-machine.com","article_modified_time":"2023-08-25T13:09:36+00:00","og_image":[{"url":"https:\/\/facial-machine.com\/wp-content\/uploads\/2022\/12\/facial-machine-treatment-result-906x1024.png","type":"","width":"","height":""}],"twitter_card":"summary_large_image","twitter_misc":{"Dur\u00e9e de lecture estim\u00e9e":"2 minutes"},"schema":{"@context":"https:\/\/schema.org","@graph":[{"@type":"WebPage","@id":"https:\/\/facial-machine.com\/fr\/","url":"https:\/\/facial-machine.com\/fr\/","name":"Appareil Soin Visage Professionnel (Lifting & Anti Ride) | Bella Facial","isPartOf":{"@id":"https:\/\/facial-machine.com\/#website"},"primaryImageOfPage":{"@id":"https:\/\/facial-machine.com\/fr\/#primaryimage"},"image":{"@id":"https:\/\/facial-machine.com\/fr\/#primaryimage"},"thumbnailUrl":"https:\/\/facial-machine.com\/wp-content\/uploads\/2022\/12\/facial-machine-treatment-result-906x1024.png","datePublished":"2018-06-18T10:57:36+00:00","dateModified":"2023-08-25T13:09:36+00:00","description":"Bella Facial sont des experts dans les appareils pour le soin du visage professionnels permettant un effet de lifting & anti-rides.","breadcrumb":{"@id":"https:\/\/facial-machine.com\/fr\/#breadcrumb"},"inLanguage":"fr-FR","potentialAction":[{"@type":"ReadAction","target":["https:\/\/facial-machine.com\/fr\/"]}]},{"@type":"ImageObject","inLanguage":"fr-FR","@id":"https:\/\/facial-machine.com\/fr\/#primaryimage","url":"https:\/\/facial-machine.com\/wp-content\/uploads\/2022\/12\/facial-machine-treatment-result-906x1024.png","contentUrl":"https:\/\/facial-machine.com\/wp-content\/uploads\/2022\/12\/facial-machine-treatment-result-906x1024.png"},{"@type":"BreadcrumbList","@id":"https:\/\/facial-machine.com\/fr\/#breadcrumb","itemListElement":[{"@type":"ListItem","position":1,"name":"Home","item":"https:\/\/facial-machine.com\/fr\/"},{"@type":"ListItem","position":2,"name":"Home"}]},{"@type":"WebSite","@id":"https:\/\/facial-machine.com\/#website","url":"https:\/\/facial-machine.com\/","name":"facial-machine.com","description":"Just another WordPress site","publisher":{"@id":"https:\/\/facial-machine.com\/#organization"},"potentialAction":[{"@type":"SearchAction","target":{"@type":"EntryPoint","urlTemplate":"https:\/\/facial-machine.com\/?s={search_term_string}"},"query-input":{"@type":"PropertyValueSpecification","valueRequired":true,"valueName":"search_term_string"}}],"inLanguage":"fr-FR"},{"@type":"Organization","@id":"https:\/\/facial-machine.com\/#organization","name":"Bella Facial","url":"https:\/\/facial-machine.com\/","logo":{"@type":"ImageObject","inLanguage":"fr-FR","@id":"https:\/\/facial-machine.com\/#\/schema\/logo\/image\/","url":"https:\/\/facial-machine.com\/wp-content\/uploads\/2023\/01\/cropped-logo_bellafacial_original-carre-scaled-1.jpg","contentUrl":"https:\/\/facial-machine.com\/wp-content\/uploads\/2023\/01\/cropped-logo_bellafacial_original-carre-scaled-1.jpg","width":"2560","height":"2560","caption":"Bella Facial"},"image":{"@id":"https:\/\/facial-machine.com\/#\/schema\/logo\/image\/"}}]}},"jetpack_sharing_enabled":true,"_links":{"self":[{"href":"https:\/\/facial-machine.com\/fr\/wp-json\/wp\/v2\/pages\/6223","targetHints":{"allow":["GET"]}}],"collection":[{"href":"https:\/\/facial-machine.com\/fr\/wp-json\/wp\/v2\/pages"}],"about":[{"href":"https:\/\/facial-machine.com\/fr\/wp-json\/wp\/v2\/types\/page"}],"author":[{"embeddable":true,"href":"https:\/\/facial-machine.com\/fr\/wp-json\/wp\/v2\/users\/1"}],"replies":[{"embeddable":true,"href":"https:\/\/facial-machine.com\/fr\/wp-json\/wp\/v2\/comments?post=6223"}],"version-history":[{"count":10,"href":"https:\/\/facial-machine.com\/fr\/wp-json\/wp\/v2\/pages\/6223\/revisions"}],"predecessor-version":[{"id":8696,"href":"https:\/\/facial-machine.com\/fr\/wp-json\/wp\/v2\/pages\/6223\/revisions\/8696"}],"wp:attachment":[{"href":"https:\/\/facial-machine.com\/fr\/wp-json\/wp\/v2\/media?parent=6223"}],"curies":[{"name":"wp","href":"https:\/\/api.w.org\/{rel}","templated":true}]}}