{"id":6209,"date":"2023-01-11T15:00:25","date_gmt":"2023-01-11T20:00:25","guid":{"rendered":"https:\/\/facial-machine.com\/politique-de-remplacement\/"},"modified":"2023-04-05T13:34:53","modified_gmt":"2023-04-05T17:34:53","slug":"politique-de-remplacement","status":"publish","type":"page","link":"https:\/\/facial-machine.com\/fr\/politique-de-remplacement\/","title":{"rendered":"Politique de remplacement"},"content":{"rendered":"\r\n\r\n\r\n<p>Notre politique dure 1 an. Si 1 an se sont \u00e9coul\u00e9s depuis votre achat, nous ne pouvons malheureusement pas vous offrir un remplacement. La garantie ne couvre que les bris de fabrication.<\/p>\r\n<p>Pour effectuer un retour, vous devez en premier lieu nous en aviser par email et nous pr\u00e9senter un re\u00e7u ou une preuve d\u2019achat ainsi qu\u2019une preuve que votre appareil ou un accessoire est bien defectueux.<\/p>\r\n<h2><strong>Remplacement (le cas \u00e9ch\u00e9ant)<\/strong><\/h2>\r\n<p>Nous vous informerons \u00e9galement de notre d\u00e9cision quant \u00e0 l\u2019approbation ou au rejet de votre demande de remplacement.<\/p>\r\n<p>Si votre demande est approuv\u00e9e, alors nous allons vous renvoyer une machine neuve ou un accessoire neuf \u00e0 votre adresse.<br \/><strong>La garantie n\u2019est pas un remboursement<\/strong>\u00a0mais bien un remplacement d\u2019appareil ou d\u2019accessoires.<\/p>\r\n<ul>\r\n<li>Nous sommes une entreprise canadienne et ne sommes donc pas soumis aux l\u00e9gislations europ\u00e9enne concernant les remplacements et garanties. Nous sommes l\u00e9gif\u00e9r\u00e9 selon les lois canadienne.<\/li>\r\n<\/ul>\r\n","protected":false},"excerpt":{"rendered":"<p>Notre politique dure 1 an. Si 1 an se sont \u00e9coul\u00e9s depuis votre achat, nous ne pouvons malheureusement pas vous offrir un remplacement. La garantie ne couvre que les bris de fabrication. Pour effectuer un retour, vous devez en premier lieu nous en aviser par email et nous pr\u00e9senter un re\u00e7u ou une preuve d\u2019achat [&hellip;]<\/p>\n","protected":false},"author":1,"featured_media":0,"parent":0,"menu_order":0,"comment_status":"closed","ping_status":"closed","template":"","meta":{"site-sidebar-layout":"default","site-content-layout":"default","ast-site-content-layout":"default","site-content-style":"default","site-sidebar-style":"default","ast-global-header-display":"","ast-banner-title-visibility":"","ast-main-header-display":"","ast-hfb-above-header-display":"","ast-hfb-below-header-display":"","ast-hfb-mobile-header-display":"","site-post-title":"","ast-breadcrumbs-content":"","ast-featured-img":"","footer-sml-layout":"","theme-transparent-header-meta":"default","adv-header-id-meta":"","stick-header-meta":"default","header-above-stick-meta":"","header-main-stick-meta":"","header-below-stick-meta":"","astra-migrate-meta-layouts":"default","ast-page-background-enabled":"default","ast-page-background-meta":{"desktop":{"background-color":"","background-image":"","background-repeat":"repeat","background-position":"center center","background-size":"auto","background-attachment":"scroll","background-type":"","background-media":"","overlay-type":"","overlay-color":"","overlay-opacity":"","overlay-gradient":""},"tablet":{"background-color":"","background-image":"","background-repeat":"repeat","background-position":"center center","background-size":"auto","background-attachment":"scroll","background-type":"","background-media":"","overlay-type":"","overlay-color":"","overlay-opacity":"","overlay-gradient":""},"mobile":{"background-color":"","background-image":"","background-repeat":"repeat","background-position":"center center","background-size":"auto","background-attachment":"scroll","background-type":"","background-media":"","overlay-type":"","overlay-color":"","overlay-opacity":"","overlay-gradient":""}},"ast-content-background-meta":{"desktop":{"background-color":"var(--ast-global-color-5)","background-image":"","background-repeat":"repeat","background-position":"center center","background-size":"auto","background-attachment":"scroll","background-type":"","background-media":"","overlay-type":"","overlay-color":"","overlay-opacity":"","overlay-gradient":""},"tablet":{"background-color":"var(--ast-global-color-5)","background-image":"","background-repeat":"repeat","background-position":"center center","background-size":"auto","background-attachment":"scroll","background-type":"","background-media":"","overlay-type":"","overlay-color":"","overlay-opacity":"","overlay-gradient":""},"mobile":{"background-color":"var(--ast-global-color-5)","background-image":"","background-repeat":"repeat","background-position":"center center","background-size":"auto","background-attachment":"scroll","background-type":"","background-media":"","overlay-type":"","overlay-color":"","overlay-opacity":"","overlay-gradient":""}},"footnotes":""},"class_list":["post-6209","page","type-page","status-publish","hentry"],"yoast_head":"<!-- This site is optimized with the Yoast SEO plugin v26.2 - https:\/\/yoast.com\/wordpress\/plugins\/seo\/ -->\n<title>Politique de remplacement | facial-machine.com<\/title>\n<meta name=\"robots\" content=\"index, follow, max-snippet:-1, max-image-preview:large, max-video-preview:-1\" \/>\n<link rel=\"canonical\" href=\"https:\/\/facial-machine.com\/fr\/politique-de-remplacement\/\" \/>\n<meta property=\"og:locale\" content=\"fr_FR\" \/>\n<meta property=\"og:type\" content=\"article\" \/>\n<meta property=\"og:title\" content=\"Politique de remplacement | facial-machine.com\" \/>\n<meta property=\"og:description\" content=\"Notre politique dure 1 an. Si 1 an se sont \u00e9coul\u00e9s depuis votre achat, nous ne pouvons malheureusement pas vous offrir un remplacement. La garantie ne couvre que les bris de fabrication. Pour effectuer un retour, vous devez en premier lieu nous en aviser par email et nous pr\u00e9senter un re\u00e7u ou une preuve d\u2019achat [&hellip;]\" \/>\n<meta property=\"og:url\" content=\"https:\/\/facial-machine.com\/fr\/politique-de-remplacement\/\" \/>\n<meta property=\"og:site_name\" content=\"facial-machine.com\" \/>\n<meta property=\"article:modified_time\" content=\"2023-04-05T17:34:53+00:00\" \/>\n<meta name=\"twitter:card\" content=\"summary_large_image\" \/>\n<meta name=\"twitter:label1\" content=\"Dur\u00e9e de lecture estim\u00e9e\" \/>\n\t<meta name=\"twitter:data1\" content=\"1 minute\" \/>\n<script type=\"application\/ld+json\" class=\"yoast-schema-graph\">{\"@context\":\"https:\/\/schema.org\",\"@graph\":[{\"@type\":\"WebPage\",\"@id\":\"https:\/\/facial-machine.com\/fr\/politique-de-remplacement\/\",\"url\":\"https:\/\/facial-machine.com\/fr\/politique-de-remplacement\/\",\"name\":\"Politique de remplacement | facial-machine.com\",\"isPartOf\":{\"@id\":\"https:\/\/facial-machine.com\/#website\"},\"datePublished\":\"2023-01-11T20:00:25+00:00\",\"dateModified\":\"2023-04-05T17:34:53+00:00\",\"breadcrumb\":{\"@id\":\"https:\/\/facial-machine.com\/fr\/politique-de-remplacement\/#breadcrumb\"},\"inLanguage\":\"fr-FR\",\"potentialAction\":[{\"@type\":\"ReadAction\",\"target\":[\"https:\/\/facial-machine.com\/fr\/politique-de-remplacement\/\"]}]},{\"@type\":\"BreadcrumbList\",\"@id\":\"https:\/\/facial-machine.com\/fr\/politique-de-remplacement\/#breadcrumb\",\"itemListElement\":[{\"@type\":\"ListItem\",\"position\":1,\"name\":\"Home\",\"item\":\"https:\/\/facial-machine.com\/fr\/\"},{\"@type\":\"ListItem\",\"position\":2,\"name\":\"Politique de remplacement\"}]},{\"@type\":\"WebSite\",\"@id\":\"https:\/\/facial-machine.com\/#website\",\"url\":\"https:\/\/facial-machine.com\/\",\"name\":\"facial-machine.com\",\"description\":\"Just another WordPress site\",\"publisher\":{\"@id\":\"https:\/\/facial-machine.com\/#organization\"},\"potentialAction\":[{\"@type\":\"SearchAction\",\"target\":{\"@type\":\"EntryPoint\",\"urlTemplate\":\"https:\/\/facial-machine.com\/?s={search_term_string}\"},\"query-input\":{\"@type\":\"PropertyValueSpecification\",\"valueRequired\":true,\"valueName\":\"search_term_string\"}}],\"inLanguage\":\"fr-FR\"},{\"@type\":\"Organization\",\"@id\":\"https:\/\/facial-machine.com\/#organization\",\"name\":\"Bella Facial\",\"url\":\"https:\/\/facial-machine.com\/\",\"logo\":{\"@type\":\"ImageObject\",\"inLanguage\":\"fr-FR\",\"@id\":\"https:\/\/facial-machine.com\/#\/schema\/logo\/image\/\",\"url\":\"https:\/\/facial-machine.com\/wp-content\/uploads\/2023\/01\/cropped-logo_bellafacial_original-carre-scaled-1.jpg\",\"contentUrl\":\"https:\/\/facial-machine.com\/wp-content\/uploads\/2023\/01\/cropped-logo_bellafacial_original-carre-scaled-1.jpg\",\"width\":\"2560\",\"height\":\"2560\",\"caption\":\"Bella Facial\"},\"image\":{\"@id\":\"https:\/\/facial-machine.com\/#\/schema\/logo\/image\/\"}}]}<\/script>\n<!-- \/ Yoast SEO plugin. -->","yoast_head_json":{"title":"Politique de remplacement | facial-machine.com","robots":{"index":"index","follow":"follow","max-snippet":"max-snippet:-1","max-image-preview":"max-image-preview:large","max-video-preview":"max-video-preview:-1"},"canonical":"https:\/\/facial-machine.com\/fr\/politique-de-remplacement\/","og_locale":"fr_FR","og_type":"article","og_title":"Politique de remplacement | facial-machine.com","og_description":"Notre politique dure 1 an. Si 1 an se sont \u00e9coul\u00e9s depuis votre achat, nous ne pouvons malheureusement pas vous offrir un remplacement. La garantie ne couvre que les bris de fabrication. Pour effectuer un retour, vous devez en premier lieu nous en aviser par email et nous pr\u00e9senter un re\u00e7u ou une preuve d\u2019achat [&hellip;]","og_url":"https:\/\/facial-machine.com\/fr\/politique-de-remplacement\/","og_site_name":"facial-machine.com","article_modified_time":"2023-04-05T17:34:53+00:00","twitter_card":"summary_large_image","twitter_misc":{"Dur\u00e9e de lecture estim\u00e9e":"1 minute"},"schema":{"@context":"https:\/\/schema.org","@graph":[{"@type":"WebPage","@id":"https:\/\/facial-machine.com\/fr\/politique-de-remplacement\/","url":"https:\/\/facial-machine.com\/fr\/politique-de-remplacement\/","name":"Politique de remplacement | facial-machine.com","isPartOf":{"@id":"https:\/\/facial-machine.com\/#website"},"datePublished":"2023-01-11T20:00:25+00:00","dateModified":"2023-04-05T17:34:53+00:00","breadcrumb":{"@id":"https:\/\/facial-machine.com\/fr\/politique-de-remplacement\/#breadcrumb"},"inLanguage":"fr-FR","potentialAction":[{"@type":"ReadAction","target":["https:\/\/facial-machine.com\/fr\/politique-de-remplacement\/"]}]},{"@type":"BreadcrumbList","@id":"https:\/\/facial-machine.com\/fr\/politique-de-remplacement\/#breadcrumb","itemListElement":[{"@type":"ListItem","position":1,"name":"Home","item":"https:\/\/facial-machine.com\/fr\/"},{"@type":"ListItem","position":2,"name":"Politique de remplacement"}]},{"@type":"WebSite","@id":"https:\/\/facial-machine.com\/#website","url":"https:\/\/facial-machine.com\/","name":"facial-machine.com","description":"Just another WordPress site","publisher":{"@id":"https:\/\/facial-machine.com\/#organization"},"potentialAction":[{"@type":"SearchAction","target":{"@type":"EntryPoint","urlTemplate":"https:\/\/facial-machine.com\/?s={search_term_string}"},"query-input":{"@type":"PropertyValueSpecification","valueRequired":true,"valueName":"search_term_string"}}],"inLanguage":"fr-FR"},{"@type":"Organization","@id":"https:\/\/facial-machine.com\/#organization","name":"Bella Facial","url":"https:\/\/facial-machine.com\/","logo":{"@type":"ImageObject","inLanguage":"fr-FR","@id":"https:\/\/facial-machine.com\/#\/schema\/logo\/image\/","url":"https:\/\/facial-machine.com\/wp-content\/uploads\/2023\/01\/cropped-logo_bellafacial_original-carre-scaled-1.jpg","contentUrl":"https:\/\/facial-machine.com\/wp-content\/uploads\/2023\/01\/cropped-logo_bellafacial_original-carre-scaled-1.jpg","width":"2560","height":"2560","caption":"Bella Facial"},"image":{"@id":"https:\/\/facial-machine.com\/#\/schema\/logo\/image\/"}}]}},"jetpack_sharing_enabled":true,"_links":{"self":[{"href":"https:\/\/facial-machine.com\/fr\/wp-json\/wp\/v2\/pages\/6209","targetHints":{"allow":["GET"]}}],"collection":[{"href":"https:\/\/facial-machine.com\/fr\/wp-json\/wp\/v2\/pages"}],"about":[{"href":"https:\/\/facial-machine.com\/fr\/wp-json\/wp\/v2\/types\/page"}],"author":[{"embeddable":true,"href":"https:\/\/facial-machine.com\/fr\/wp-json\/wp\/v2\/users\/1"}],"replies":[{"embeddable":true,"href":"https:\/\/facial-machine.com\/fr\/wp-json\/wp\/v2\/comments?post=6209"}],"version-history":[{"count":8,"href":"https:\/\/facial-machine.com\/fr\/wp-json\/wp\/v2\/pages\/6209\/revisions"}],"predecessor-version":[{"id":6242,"href":"https:\/\/facial-machine.com\/fr\/wp-json\/wp\/v2\/pages\/6209\/revisions\/6242"}],"wp:attachment":[{"href":"https:\/\/facial-machine.com\/fr\/wp-json\/wp\/v2\/media?parent=6209"}],"curies":[{"name":"wp","href":"https:\/\/api.w.org\/{rel}","templated":true}]}}