{"id":6204,"date":"2018-06-18T06:57:57","date_gmt":"2018-06-18T10:57:57","guid":{"rendered":"https:\/\/facial-machine.com\/a-propos-de\/"},"modified":"2023-04-05T13:19:53","modified_gmt":"2023-04-05T17:19:53","slug":"a-propos","status":"publish","type":"page","link":"https:\/\/facial-machine.com\/fr\/a-propos\/","title":{"rendered":"\u00c0 propos de"},"content":{"rendered":"\n\n\t<h1>\n\t\t\t\t\t\u00c0 propos de nous\n\t\t\t\t<\/h1>\n\t\t\t\t<img decoding=\"async\" src=\"https:\/\/facial-machine.com\/wp-content\/uploads\/2021\/03\/basil-leaf.png\" alt=\"basil-leaf\" itemprop=\"image\"\/>\n\t<h2>\n\t\t\t\t\tBella Facial &#8211; Fournisseur d&rsquo;appareils de beaut\u00e9\n\t\t\t\t<\/h2>\n\t\t\t<p>Bienvenue \u00e0 Bella Facial! Nous sommes une boutique 100% en ligne proposant des appareils et des formations \u00e0 la pointe de la technologie pour la beaut\u00e9 du visage. Notre objectif est de vous \u00e9quiper de machines fiables et de haute qualit\u00e9 pour vous aider \u00e0 offrir les meilleurs traitements possibles \u00e0 vos clients.<\/p>\n<p>Nous nous sp\u00e9cialisons dans l&rsquo;offre de machines de microdermabrasion, de machines \u00e0 oxyg\u00e8ne et d&rsquo;appareils galvaniques. Nous offrons la livraison gratuite dans la plupart des pays (Canada, \u00c9tats-Unis, Royaume-Uni, Europe) et une garantie de remplacement d&rsquo;un an est offerte \u00e0 l&rsquo;achat de nos produits.<\/p>\n<p>Notre \u00e9quipe du service client est disponible \u00e0 tout moment pour r\u00e9pondre \u00e0 toutes vos questions avant et apr\u00e8s l&rsquo;achat. Nous nous engageons \u00e0 vous fournir les meilleurs produits et services.<\/p>\n\t\t\t\t<img decoding=\"async\" src=\"https:\/\/facial-machine.com\/wp-content\/uploads\/2022\/12\/pngfind.com-watercolor-leaves-png-75698.png\" alt=\"pngfind.com-watercolor-leaves-png-75698\" itemprop=\"image\"\/>\n\t\t\n","protected":false},"excerpt":{"rendered":"<p>\u00c0 propos de nous Bella Facial &#8211; Fournisseur d&rsquo;appareils de beaut\u00e9 Bienvenue \u00e0 Bella Facial! Nous sommes une boutique 100% en ligne proposant des appareils et des formations \u00e0 la pointe de la technologie pour la beaut\u00e9 du visage. Notre objectif est de vous \u00e9quiper de machines fiables et de haute qualit\u00e9 pour vous aider [&hellip;]<\/p>\n","protected":false},"author":1,"featured_media":0,"parent":0,"menu_order":0,"comment_status":"closed","ping_status":"closed","template":"","meta":{"site-sidebar-layout":"no-sidebar","site-content-layout":"page-builder","ast-site-content-layout":"default","site-content-style":"default","site-sidebar-style":"default","ast-global-header-display":"","ast-banner-title-visibility":"","ast-main-header-display":"","ast-hfb-above-header-display":"","ast-hfb-below-header-display":"","ast-hfb-mobile-header-display":"","site-post-title":"disabled","ast-breadcrumbs-content":"","ast-featured-img":"disabled","footer-sml-layout":"","theme-transparent-header-meta":"enabled","adv-header-id-meta":"","stick-header-meta":"default","header-above-stick-meta":"","header-main-stick-meta":"","header-below-stick-meta":"","astra-migrate-meta-layouts":"default","ast-page-background-enabled":"default","ast-page-background-meta":{"desktop":{"background-color":"","background-image":"","background-repeat":"repeat","background-position":"center center","background-size":"auto","background-attachment":"scroll","background-type":"","background-media":"","overlay-type":"","overlay-color":"","overlay-opacity":"","overlay-gradient":""},"tablet":{"background-color":"","background-image":"","background-repeat":"repeat","background-position":"center center","background-size":"auto","background-attachment":"scroll","background-type":"","background-media":"","overlay-type":"","overlay-color":"","overlay-opacity":"","overlay-gradient":""},"mobile":{"background-color":"","background-image":"","background-repeat":"repeat","background-position":"center center","background-size":"auto","background-attachment":"scroll","background-type":"","background-media":"","overlay-type":"","overlay-color":"","overlay-opacity":"","overlay-gradient":""}},"ast-content-background-meta":{"desktop":{"background-color":"var(--ast-global-color-5)","background-image":"","background-repeat":"repeat","background-position":"center center","background-size":"auto","background-attachment":"scroll","background-type":"","background-media":"","overlay-type":"","overlay-color":"","overlay-opacity":"","overlay-gradient":""},"tablet":{"background-color":"var(--ast-global-color-5)","background-image":"","background-repeat":"repeat","background-position":"center center","background-size":"auto","background-attachment":"scroll","background-type":"","background-media":"","overlay-type":"","overlay-color":"","overlay-opacity":"","overlay-gradient":""},"mobile":{"background-color":"var(--ast-global-color-5)","background-image":"","background-repeat":"repeat","background-position":"center center","background-size":"auto","background-attachment":"scroll","background-type":"","background-media":"","overlay-type":"","overlay-color":"","overlay-opacity":"","overlay-gradient":""}},"footnotes":""},"class_list":["post-6204","page","type-page","status-publish","hentry"],"yoast_head":"<!-- This site is optimized with the Yoast SEO plugin v26.2 - https:\/\/yoast.com\/wordpress\/plugins\/seo\/ -->\n<title>\u00c0 propos de | facial-machine.com<\/title>\n<meta name=\"description\" content=\"Notre objectif est de vous \u00e9quiper de machines fiables et de haute qualit\u00e9 pour vous aider \u00e0 offrir les meilleurs traitements possibles \u00e0 vos clients.\" \/>\n<meta name=\"robots\" content=\"index, follow, max-snippet:-1, max-image-preview:large, max-video-preview:-1\" \/>\n<link rel=\"canonical\" href=\"https:\/\/facial-machine.com\/fr\/a-propos\/\" \/>\n<meta property=\"og:locale\" content=\"fr_FR\" \/>\n<meta property=\"og:type\" content=\"article\" \/>\n<meta property=\"og:title\" content=\"\u00c0 propos de | facial-machine.com\" \/>\n<meta property=\"og:description\" content=\"Notre objectif est de vous \u00e9quiper de machines fiables et de haute qualit\u00e9 pour vous aider \u00e0 offrir les meilleurs traitements possibles \u00e0 vos clients.\" \/>\n<meta property=\"og:url\" content=\"https:\/\/facial-machine.com\/fr\/a-propos\/\" \/>\n<meta property=\"og:site_name\" content=\"facial-machine.com\" \/>\n<meta property=\"article:modified_time\" content=\"2023-04-05T17:19:53+00:00\" \/>\n<meta property=\"og:image\" content=\"https:\/\/facial-machine.com\/wp-content\/uploads\/2021\/03\/basil-leaf.png\" \/>\n<meta name=\"twitter:card\" content=\"summary_large_image\" \/>\n<meta name=\"twitter:label1\" content=\"Dur\u00e9e de lecture estim\u00e9e\" \/>\n\t<meta name=\"twitter:data1\" content=\"1 minute\" \/>\n<script type=\"application\/ld+json\" class=\"yoast-schema-graph\">{\"@context\":\"https:\/\/schema.org\",\"@graph\":[{\"@type\":\"WebPage\",\"@id\":\"https:\/\/facial-machine.com\/fr\/a-propos\/\",\"url\":\"https:\/\/facial-machine.com\/fr\/a-propos\/\",\"name\":\"\u00c0 propos de | facial-machine.com\",\"isPartOf\":{\"@id\":\"https:\/\/facial-machine.com\/#website\"},\"primaryImageOfPage\":{\"@id\":\"https:\/\/facial-machine.com\/fr\/a-propos\/#primaryimage\"},\"image\":{\"@id\":\"https:\/\/facial-machine.com\/fr\/a-propos\/#primaryimage\"},\"thumbnailUrl\":\"https:\/\/facial-machine.com\/wp-content\/uploads\/2021\/03\/basil-leaf.png\",\"datePublished\":\"2018-06-18T10:57:57+00:00\",\"dateModified\":\"2023-04-05T17:19:53+00:00\",\"description\":\"Notre objectif est de vous \u00e9quiper de machines fiables et de haute qualit\u00e9 pour vous aider \u00e0 offrir les meilleurs traitements possibles \u00e0 vos clients.\",\"breadcrumb\":{\"@id\":\"https:\/\/facial-machine.com\/fr\/a-propos\/#breadcrumb\"},\"inLanguage\":\"fr-FR\",\"potentialAction\":[{\"@type\":\"ReadAction\",\"target\":[\"https:\/\/facial-machine.com\/fr\/a-propos\/\"]}]},{\"@type\":\"ImageObject\",\"inLanguage\":\"fr-FR\",\"@id\":\"https:\/\/facial-machine.com\/fr\/a-propos\/#primaryimage\",\"url\":\"https:\/\/facial-machine.com\/wp-content\/uploads\/2021\/03\/basil-leaf.png\",\"contentUrl\":\"https:\/\/facial-machine.com\/wp-content\/uploads\/2021\/03\/basil-leaf.png\"},{\"@type\":\"BreadcrumbList\",\"@id\":\"https:\/\/facial-machine.com\/fr\/a-propos\/#breadcrumb\",\"itemListElement\":[{\"@type\":\"ListItem\",\"position\":1,\"name\":\"Home\",\"item\":\"https:\/\/facial-machine.com\/fr\/\"},{\"@type\":\"ListItem\",\"position\":2,\"name\":\"\u00c0 propos de\"}]},{\"@type\":\"WebSite\",\"@id\":\"https:\/\/facial-machine.com\/#website\",\"url\":\"https:\/\/facial-machine.com\/\",\"name\":\"facial-machine.com\",\"description\":\"Just another WordPress site\",\"publisher\":{\"@id\":\"https:\/\/facial-machine.com\/#organization\"},\"potentialAction\":[{\"@type\":\"SearchAction\",\"target\":{\"@type\":\"EntryPoint\",\"urlTemplate\":\"https:\/\/facial-machine.com\/?s={search_term_string}\"},\"query-input\":{\"@type\":\"PropertyValueSpecification\",\"valueRequired\":true,\"valueName\":\"search_term_string\"}}],\"inLanguage\":\"fr-FR\"},{\"@type\":\"Organization\",\"@id\":\"https:\/\/facial-machine.com\/#organization\",\"name\":\"Bella Facial\",\"url\":\"https:\/\/facial-machine.com\/\",\"logo\":{\"@type\":\"ImageObject\",\"inLanguage\":\"fr-FR\",\"@id\":\"https:\/\/facial-machine.com\/#\/schema\/logo\/image\/\",\"url\":\"https:\/\/facial-machine.com\/wp-content\/uploads\/2023\/01\/cropped-logo_bellafacial_original-carre-scaled-1.jpg\",\"contentUrl\":\"https:\/\/facial-machine.com\/wp-content\/uploads\/2023\/01\/cropped-logo_bellafacial_original-carre-scaled-1.jpg\",\"width\":\"2560\",\"height\":\"2560\",\"caption\":\"Bella Facial\"},\"image\":{\"@id\":\"https:\/\/facial-machine.com\/#\/schema\/logo\/image\/\"}}]}<\/script>\n<!-- \/ Yoast SEO plugin. -->","yoast_head_json":{"title":"\u00c0 propos de | facial-machine.com","description":"Notre objectif est de vous \u00e9quiper de machines fiables et de haute qualit\u00e9 pour vous aider \u00e0 offrir les meilleurs traitements possibles \u00e0 vos clients.","robots":{"index":"index","follow":"follow","max-snippet":"max-snippet:-1","max-image-preview":"max-image-preview:large","max-video-preview":"max-video-preview:-1"},"canonical":"https:\/\/facial-machine.com\/fr\/a-propos\/","og_locale":"fr_FR","og_type":"article","og_title":"\u00c0 propos de | facial-machine.com","og_description":"Notre objectif est de vous \u00e9quiper de machines fiables et de haute qualit\u00e9 pour vous aider \u00e0 offrir les meilleurs traitements possibles \u00e0 vos clients.","og_url":"https:\/\/facial-machine.com\/fr\/a-propos\/","og_site_name":"facial-machine.com","article_modified_time":"2023-04-05T17:19:53+00:00","og_image":[{"url":"https:\/\/facial-machine.com\/wp-content\/uploads\/2021\/03\/basil-leaf.png","type":"","width":"","height":""}],"twitter_card":"summary_large_image","twitter_misc":{"Dur\u00e9e de lecture estim\u00e9e":"1 minute"},"schema":{"@context":"https:\/\/schema.org","@graph":[{"@type":"WebPage","@id":"https:\/\/facial-machine.com\/fr\/a-propos\/","url":"https:\/\/facial-machine.com\/fr\/a-propos\/","name":"\u00c0 propos de | facial-machine.com","isPartOf":{"@id":"https:\/\/facial-machine.com\/#website"},"primaryImageOfPage":{"@id":"https:\/\/facial-machine.com\/fr\/a-propos\/#primaryimage"},"image":{"@id":"https:\/\/facial-machine.com\/fr\/a-propos\/#primaryimage"},"thumbnailUrl":"https:\/\/facial-machine.com\/wp-content\/uploads\/2021\/03\/basil-leaf.png","datePublished":"2018-06-18T10:57:57+00:00","dateModified":"2023-04-05T17:19:53+00:00","description":"Notre objectif est de vous \u00e9quiper de machines fiables et de haute qualit\u00e9 pour vous aider \u00e0 offrir les meilleurs traitements possibles \u00e0 vos clients.","breadcrumb":{"@id":"https:\/\/facial-machine.com\/fr\/a-propos\/#breadcrumb"},"inLanguage":"fr-FR","potentialAction":[{"@type":"ReadAction","target":["https:\/\/facial-machine.com\/fr\/a-propos\/"]}]},{"@type":"ImageObject","inLanguage":"fr-FR","@id":"https:\/\/facial-machine.com\/fr\/a-propos\/#primaryimage","url":"https:\/\/facial-machine.com\/wp-content\/uploads\/2021\/03\/basil-leaf.png","contentUrl":"https:\/\/facial-machine.com\/wp-content\/uploads\/2021\/03\/basil-leaf.png"},{"@type":"BreadcrumbList","@id":"https:\/\/facial-machine.com\/fr\/a-propos\/#breadcrumb","itemListElement":[{"@type":"ListItem","position":1,"name":"Home","item":"https:\/\/facial-machine.com\/fr\/"},{"@type":"ListItem","position":2,"name":"\u00c0 propos de"}]},{"@type":"WebSite","@id":"https:\/\/facial-machine.com\/#website","url":"https:\/\/facial-machine.com\/","name":"facial-machine.com","description":"Just another WordPress site","publisher":{"@id":"https:\/\/facial-machine.com\/#organization"},"potentialAction":[{"@type":"SearchAction","target":{"@type":"EntryPoint","urlTemplate":"https:\/\/facial-machine.com\/?s={search_term_string}"},"query-input":{"@type":"PropertyValueSpecification","valueRequired":true,"valueName":"search_term_string"}}],"inLanguage":"fr-FR"},{"@type":"Organization","@id":"https:\/\/facial-machine.com\/#organization","name":"Bella Facial","url":"https:\/\/facial-machine.com\/","logo":{"@type":"ImageObject","inLanguage":"fr-FR","@id":"https:\/\/facial-machine.com\/#\/schema\/logo\/image\/","url":"https:\/\/facial-machine.com\/wp-content\/uploads\/2023\/01\/cropped-logo_bellafacial_original-carre-scaled-1.jpg","contentUrl":"https:\/\/facial-machine.com\/wp-content\/uploads\/2023\/01\/cropped-logo_bellafacial_original-carre-scaled-1.jpg","width":"2560","height":"2560","caption":"Bella Facial"},"image":{"@id":"https:\/\/facial-machine.com\/#\/schema\/logo\/image\/"}}]}},"jetpack_sharing_enabled":true,"_links":{"self":[{"href":"https:\/\/facial-machine.com\/fr\/wp-json\/wp\/v2\/pages\/6204","targetHints":{"allow":["GET"]}}],"collection":[{"href":"https:\/\/facial-machine.com\/fr\/wp-json\/wp\/v2\/pages"}],"about":[{"href":"https:\/\/facial-machine.com\/fr\/wp-json\/wp\/v2\/types\/page"}],"author":[{"embeddable":true,"href":"https:\/\/facial-machine.com\/fr\/wp-json\/wp\/v2\/users\/1"}],"replies":[{"embeddable":true,"href":"https:\/\/facial-machine.com\/fr\/wp-json\/wp\/v2\/comments?post=6204"}],"version-history":[{"count":8,"href":"https:\/\/facial-machine.com\/fr\/wp-json\/wp\/v2\/pages\/6204\/revisions"}],"predecessor-version":[{"id":6235,"href":"https:\/\/facial-machine.com\/fr\/wp-json\/wp\/v2\/pages\/6204\/revisions\/6235"}],"wp:attachment":[{"href":"https:\/\/facial-machine.com\/fr\/wp-json\/wp\/v2\/media?parent=6204"}],"curies":[{"name":"wp","href":"https:\/\/api.w.org\/{rel}","templated":true}]}}